{"id":981,"date":"2019-01-07T21:20:06","date_gmt":"2019-01-07T21:20:06","guid":{"rendered":"http:\/\/casademacau.pt\/?page_id=981"},"modified":"2019-01-08T19:07:21","modified_gmt":"2019-01-08T19:07:21","slug":"videos-de-macau","status":"publish","type":"page","link":"https:\/\/casademacau.pt\/?page_id=981","title":{"rendered":"V\u00eddeos de Macau"},"content":{"rendered":"\t\t<div data-elementor-type=\"post\" data-elementor-id=\"981\" class=\"elementor elementor-981\" data-elementor-settings=\"[]\">\n\t\t\t<div class=\"elementor-inner\">\n\t\t\t\t<div class=\"elementor-section-wrap\">\n\t\t\t\t\t\t\t<section data-id=\"b25fb19\" class=\"elementor-element elementor-element-b25fb19 elementor-section-boxed elementor-section-height-default elementor-section-height-default elementor-section elementor-top-section\" data-element_type=\"section\">\n\t\t\t\t\t\t<div class=\"elementor-container elementor-column-gap-default\">\n\t\t\t\t<div class=\"elementor-row\">\n\t\t\t\t<div data-id=\"aff839c\" class=\"elementor-element elementor-element-aff839c elementor-column elementor-col-33 elementor-top-column\" data-element_type=\"column\">\n\t\t\t<div class=\"elementor-column-wrap  elementor-element-populated\">\n\t\t\t\t\t<div class=\"elementor-widget-wrap\">\n\t\t\t\t<div data-id=\"abb6a6a\" class=\"elementor-element elementor-element-abb6a6a elementor-aspect-ratio-169 elementor-widget elementor-widget-video\" data-settings=\"{&quot;aspect_ratio&quot;:&quot;169&quot;}\" data-element_type=\"video.default\">\n\t\t\t\t<div class=\"elementor-widget-container\">\n\t\t\t\t\t<div class=\"elementor-wrapper elementor-fit-aspect-ratio elementor-open-inline\">\n\t\t\t<iframe class=\"elementor-video-iframe\" allowfullscreen src=\"https:\/\/www.youtube.com\/embed\/kc67Xdm7NfE?feature=oembed&amp;start&amp;end&amp;wmode=opaque&amp;loop=0&amp;controls=1&amp;mute=0&amp;rel=0&amp;modestbranding=0\"><\/iframe>\t\t<\/div>\n\t\t\t\t<\/div>\n\t\t\t\t<\/div>\n\t\t\t\t\t\t<\/div>\n\t\t\t<\/div>\n\t\t<\/div>\n\t\t\t\t<div data-id=\"1fe8429\" class=\"elementor-element elementor-element-1fe8429 elementor-column elementor-col-33 elementor-top-column\" data-element_type=\"column\">\n\t\t\t<div class=\"elementor-column-wrap  elementor-element-populated\">\n\t\t\t\t\t<div class=\"elementor-widget-wrap\">\n\t\t\t\t<div data-id=\"449f920\" class=\"elementor-element elementor-element-449f920 elementor-aspect-ratio-169 elementor-widget elementor-widget-video\" data-settings=\"{&quot;aspect_ratio&quot;:&quot;169&quot;}\" data-element_type=\"video.default\">\n\t\t\t\t<div class=\"elementor-widget-container\">\n\t\t\t\t\t<div class=\"elementor-wrapper elementor-fit-aspect-ratio elementor-open-inline\">\n\t\t\t<iframe class=\"elementor-video-iframe\" allowfullscreen src=\"https:\/\/www.youtube.com\/embed\/kB-yo6qR5ZI?feature=oembed&amp;start&amp;end&amp;wmode=opaque&amp;loop=0&amp;controls=1&amp;mute=0&amp;rel=0&amp;modestbranding=0\"><\/iframe>\t\t<\/div>\n\t\t\t\t<\/div>\n\t\t\t\t<\/div>\n\t\t\t\t\t\t<\/div>\n\t\t\t<\/div>\n\t\t<\/div>\n\t\t\t\t<div data-id=\"95d3c6d\" class=\"elementor-element elementor-element-95d3c6d elementor-column elementor-col-33 elementor-top-column\" data-element_type=\"column\">\n\t\t\t<div class=\"elementor-column-wrap\">\n\t\t\t\t\t<div class=\"elementor-widget-wrap\">\n\t\t\t\t\t\t<\/div>\n\t\t\t<\/div>\n\t\t<\/div>\n\t\t\t\t\t\t<\/div>\n\t\t\t<\/div>\n\t\t<\/section>\n\t\t\t\t<section data-id=\"cfa7951\" class=\"elementor-element elementor-element-cfa7951 elementor-section-boxed elementor-section-height-default elementor-section-height-default elementor-section elementor-top-section\" data-element_type=\"section\">\n\t\t\t\t\t\t<div class=\"elementor-container elementor-column-gap-default\">\n\t\t\t\t<div class=\"elementor-row\">\n\t\t\t\t<div data-id=\"3bbf5a2\" class=\"elementor-element elementor-element-3bbf5a2 elementor-column elementor-col-100 elementor-top-column\" data-element_type=\"column\">\n\t\t\t<div class=\"elementor-column-wrap  elementor-element-populated\">\n\t\t\t\t\t<div class=\"elementor-widget-wrap\">\n\t\t\t\t\t\t<\/div>\n\t\t\t<\/div>\n\t\t<\/div>\n\t\t\t\t\t\t<\/div>\n\t\t\t<\/div>\n\t\t<\/section>\n\t\t\t\t<section data-id=\"e7cf3ac\" class=\"elementor-element elementor-element-e7cf3ac elementor-section-boxed elementor-section-height-default elementor-section-height-default elementor-section elementor-top-section\" data-element_type=\"section\">\n\t\t\t\t\t\t<div class=\"elementor-container elementor-column-gap-default\">\n\t\t\t\t<div class=\"elementor-row\">\n\t\t\t\t<div data-id=\"e5da4b6\" class=\"elementor-element elementor-element-e5da4b6 elementor-column elementor-col-100 elementor-top-column\" data-element_type=\"column\">\n\t\t\t<div class=\"elementor-column-wrap  elementor-element-populated\">\n\t\t\t\t\t<div class=\"elementor-widget-wrap\">\n\t\t\t\t<div data-id=\"3bbb9c9\" class=\"elementor-element elementor-element-3bbb9c9 elementor-widget elementor-widget-heading\" data-element_type=\"heading.default\">\n\t\t\t\t<div class=\"elementor-widget-container\">\n\t\t\t<h2 class=\"elementor-heading-title elementor-size-default\"><span style=\"font-style: normal; font-variant-caps: normal; white-space: normal; margin-top: 15px; margin-bottom: 10px; font-size: 18px; line-height: 18px; font-family: Arial, Helvetica, sans-serif; color: rgb(95, 107, 124); text-shadow: rgb(255, 255, 255) 0px 1px 0px, rgb(200, 200, 200) 0px 1px 4px;\"><em><span style=\"font-size: 12pt;\">Document\u00e1rio \"Voltar a Macau, 10 anos depois\"<\/span><\/em><\/span><p style=\"font-style: normal; font-variant-caps: normal; white-space: normal; margin-top: 10px; margin-bottom: 15px; caret-color: rgb(100, 100, 100); color: rgb(100, 100, 100); font-family: Arial, Helvetica, sans-serif; font-size: 12px;\">Este document\u00e1rio, de Rui Nunes, com gui\u00e3o de Celina Veiga de Oliveira, foi exibido&nbsp;na RTP&nbsp;Mem\u00f3ria em Junho de 2010.<span style=\"color: rgb(21, 105, 174); font-family: Roboto, sans-serif; font-size: 20px; font-weight: 600; white-space: pre-wrap;\"><\/span><\/p><p style=\"font-style: normal; font-variant-caps: normal; white-space: normal; margin-top: 10px; margin-bottom: 15px; caret-color: rgb(100, 100, 100); color: rgb(100, 100, 100); font-family: Arial, Helvetica, sans-serif; font-size: 12px;\">Rui Nunes -&nbsp;Realizador \/ Produtor<br>__________________________________<br><br>RTP - R\u00e1dio e Televis\u00e3o de Portugal, SA<br><a href=\"https:\/\/web.archive.org\/web\/20160205034601\/http:\/\/au.mc1124.mail.yahoo.com\/mc\/compose?to=%20%3Cscript%20language=%27JavaScript%27%20type=%27text\/javascript%27%3E%20%3C!--%20var%20prefix%20=%20%27mailto:%27;%20var%20suffix%20=%20%27%27;%20var%20attribs%20=%20%27%27;%20var%20path%20=%20%27hr%27%20+%20%27ef%27%20+%20%27=%27;%20var%20addy26209%20=%20%27ruinunes.rtp%27%20+%20%27@%27;%20addy26209%20=%20addy26209%20+%20%27gmail%27%20+%20%27.%27%20+%20%27com%27;%20document.write(%20%27%3Ca%20%27%20+%20path%20+%20%27\\%27%27%20+%20prefix%20+%20addy26209%20+%20suffix%20+%20%27\\%27%27%20+%20attribs%20+%20%27%3E%27%20);%20document.write(%20addy26209%20);%20document.write(%20%27%3C\\\/a%3E%27%20);%20\/\/--%3E%20%3C\/script%3E%3Cscript%20language=%27JavaScript%27%20type=%27text\/javascript%27%3E%20%3C!--%20document.write(%20%27%3Cspan%20style=\\%27display:%20none;\\%27%3E%27%20);%20\/\/--%3E%20%3C\/script%3EEste%20endere%C3%A7o%20de%20e-mail%20est%C3%A1%20protegido%20de%20spam%20bots,%20pelo%20que%20necessita%20do%20Javascript%20activado%20para%20o%20visualizar%20%3Cscript%20language=%27JavaScript%27%20type=%27text\/javascript%27%3E%20%3C!--%20document.write(%20%27%3C\/%27%20);%20document.write(%20%27span%3E%27%20);%20\/\/--%3E%20%3C\/script%3E\" target=\"_blank\" style=\"color: rgb(226, 103, 29);\"><\/a><a href=\"mailto:ruinunes.rtp@gmail.com\" style=\"color: rgb(226, 103, 29);\">ruinunes.rtp@gmail.com<\/a>&nbsp;\/&nbsp;<a href=\"mailto:ruionunes@gmail.com\" style=\"font-style: normal; font-variant-caps: normal; font-weight: 600; font-family: Arial, Helvetica, sans-serif; font-size: 12px; color: rgb(226, 103, 29);\">ruionunes@gmail.com<\/a><span style=\"color: rgb(21, 105, 174); font-family: Roboto, sans-serif; font-size: 20px; font-weight: 600; white-space: pre-wrap;\"><\/span><\/p><\/h2>\t\t<\/div>\n\t\t\t\t<\/div>\n\t\t\t\t\t\t<\/div>\n\t\t\t<\/div>\n\t\t<\/div>\n\t\t\t\t\t\t<\/div>\n\t\t\t<\/div>\n\t\t<\/section>\n\t\t\t\t<section data-id=\"cf6d736\" class=\"elementor-element elementor-element-cf6d736 elementor-section-boxed elementor-section-height-default elementor-section-height-default elementor-section elementor-top-section\" data-element_type=\"section\">\n\t\t\t\t\t\t<div class=\"elementor-container elementor-column-gap-default\">\n\t\t\t\t<div class=\"elementor-row\">\n\t\t\t\t<div data-id=\"48079e8\" class=\"elementor-element elementor-element-48079e8 elementor-column elementor-col-25 elementor-top-column\" data-element_type=\"column\">\n\t\t\t<div class=\"elementor-column-wrap  elementor-element-populated\">\n\t\t\t\t\t<div class=\"elementor-widget-wrap\">\n\t\t\t\t<div data-id=\"1c1c53f\" class=\"elementor-element elementor-element-1c1c53f elementor-aspect-ratio-169 elementor-widget elementor-widget-video\" data-settings=\"{&quot;aspect_ratio&quot;:&quot;169&quot;}\" data-element_type=\"video.default\">\n\t\t\t\t<div class=\"elementor-widget-container\">\n\t\t\t\t\t<div class=\"elementor-wrapper elementor-fit-aspect-ratio elementor-open-inline\">\n\t\t\t<iframe class=\"elementor-video-iframe\" allowfullscreen src=\"https:\/\/www.youtube.com\/embed\/KczXpxACXYs?feature=oembed&amp;start&amp;end&amp;wmode=opaque&amp;loop=0&amp;controls=1&amp;mute=0&amp;rel=0&amp;modestbranding=0\"><\/iframe>\t\t<\/div>\n\t\t\t\t<\/div>\n\t\t\t\t<\/div>\n\t\t\t\t\t\t<\/div>\n\t\t\t<\/div>\n\t\t<\/div>\n\t\t\t\t<div data-id=\"037ca3a\" class=\"elementor-element elementor-element-037ca3a elementor-column elementor-col-25 elementor-top-column\" data-element_type=\"column\">\n\t\t\t<div class=\"elementor-column-wrap  elementor-element-populated\">\n\t\t\t\t\t<div class=\"elementor-widget-wrap\">\n\t\t\t\t<div data-id=\"31d3133\" class=\"elementor-element elementor-element-31d3133 elementor-aspect-ratio-169 elementor-widget elementor-widget-video\" data-settings=\"{&quot;aspect_ratio&quot;:&quot;169&quot;}\" data-element_type=\"video.default\">\n\t\t\t\t<div class=\"elementor-widget-container\">\n\t\t\t\t\t<div class=\"elementor-wrapper elementor-fit-aspect-ratio elementor-open-inline\">\n\t\t\t<iframe class=\"elementor-video-iframe\" allowfullscreen src=\"https:\/\/www.youtube.com\/embed\/746BH_pzdx0?feature=oembed&amp;start&amp;end&amp;wmode=opaque&amp;loop=0&amp;controls=1&amp;mute=0&amp;rel=0&amp;modestbranding=0\"><\/iframe>\t\t<\/div>\n\t\t\t\t<\/div>\n\t\t\t\t<\/div>\n\t\t\t\t\t\t<\/div>\n\t\t\t<\/div>\n\t\t<\/div>\n\t\t\t\t<div data-id=\"13d5c82\" class=\"elementor-element elementor-element-13d5c82 elementor-column elementor-col-25 elementor-top-column\" data-element_type=\"column\">\n\t\t\t<div class=\"elementor-column-wrap  elementor-element-populated\">\n\t\t\t\t\t<div class=\"elementor-widget-wrap\">\n\t\t\t\t<div data-id=\"b10b93b\" class=\"elementor-element elementor-element-b10b93b elementor-aspect-ratio-169 elementor-widget elementor-widget-video\" data-settings=\"{&quot;aspect_ratio&quot;:&quot;169&quot;}\" data-element_type=\"video.default\">\n\t\t\t\t<div class=\"elementor-widget-container\">\n\t\t\t\t\t<div class=\"elementor-wrapper elementor-fit-aspect-ratio elementor-open-inline\">\n\t\t\t<iframe class=\"elementor-video-iframe\" allowfullscreen src=\"https:\/\/www.youtube.com\/embed\/zJSTJSxCv8M?feature=oembed&amp;start&amp;end&amp;wmode=opaque&amp;loop=0&amp;controls=1&amp;mute=0&amp;rel=0&amp;modestbranding=0\"><\/iframe>\t\t<\/div>\n\t\t\t\t<\/div>\n\t\t\t\t<\/div>\n\t\t\t\t\t\t<\/div>\n\t\t\t<\/div>\n\t\t<\/div>\n\t\t\t\t<div data-id=\"56af9fd\" class=\"elementor-element elementor-element-56af9fd elementor-column elementor-col-25 elementor-top-column\" data-element_type=\"column\">\n\t\t\t<div class=\"elementor-column-wrap  elementor-element-populated\">\n\t\t\t\t\t<div class=\"elementor-widget-wrap\">\n\t\t\t\t<div data-id=\"d81bbf5\" class=\"elementor-element elementor-element-d81bbf5 elementor-aspect-ratio-169 elementor-widget elementor-widget-video\" data-settings=\"{&quot;aspect_ratio&quot;:&quot;169&quot;}\" data-element_type=\"video.default\">\n\t\t\t\t<div class=\"elementor-widget-container\">\n\t\t\t\t\t<div class=\"elementor-wrapper elementor-fit-aspect-ratio elementor-open-inline\">\n\t\t\t<iframe class=\"elementor-video-iframe\" allowfullscreen src=\"https:\/\/www.youtube.com\/embed\/S6NFb6uqD0c?feature=oembed&amp;start&amp;end&amp;wmode=opaque&amp;loop=0&amp;controls=1&amp;mute=0&amp;rel=0&amp;modestbranding=0\"><\/iframe>\t\t<\/div>\n\t\t\t\t<\/div>\n\t\t\t\t<\/div>\n\t\t\t\t\t\t<\/div>\n\t\t\t<\/div>\n\t\t<\/div>\n\t\t\t\t\t\t<\/div>\n\t\t\t<\/div>\n\t\t<\/section>\n\t\t\t\t<section data-id=\"bf555b0\" class=\"elementor-element elementor-element-bf555b0 elementor-section-boxed elementor-section-height-default elementor-section-height-default elementor-section elementor-top-section\" data-element_type=\"section\">\n\t\t\t\t\t\t<div class=\"elementor-container elementor-column-gap-default\">\n\t\t\t\t<div class=\"elementor-row\">\n\t\t\t\t<div data-id=\"51acbe7\" class=\"elementor-element elementor-element-51acbe7 elementor-column elementor-col-25 elementor-top-column\" data-element_type=\"column\">\n\t\t\t<div class=\"elementor-column-wrap  elementor-element-populated\">\n\t\t\t\t\t<div class=\"elementor-widget-wrap\">\n\t\t\t\t<div data-id=\"189b684\" class=\"elementor-element elementor-element-189b684 elementor-aspect-ratio-169 elementor-widget elementor-widget-video\" data-settings=\"{&quot;aspect_ratio&quot;:&quot;169&quot;}\" data-element_type=\"video.default\">\n\t\t\t\t<div class=\"elementor-widget-container\">\n\t\t\t\t\t<div class=\"elementor-wrapper elementor-fit-aspect-ratio elementor-open-inline\">\n\t\t\t<iframe class=\"elementor-video-iframe\" allowfullscreen src=\"https:\/\/www.youtube.com\/embed\/87ZfTAQkrrM?feature=oembed&amp;start&amp;end&amp;wmode=opaque&amp;loop=0&amp;controls=1&amp;mute=0&amp;rel=0&amp;modestbranding=0\"><\/iframe>\t\t<\/div>\n\t\t\t\t<\/div>\n\t\t\t\t<\/div>\n\t\t\t\t\t\t<\/div>\n\t\t\t<\/div>\n\t\t<\/div>\n\t\t\t\t<div data-id=\"eeff1fd\" class=\"elementor-element elementor-element-eeff1fd elementor-column elementor-col-25 elementor-top-column\" data-element_type=\"column\">\n\t\t\t<div class=\"elementor-column-wrap  elementor-element-populated\">\n\t\t\t\t\t<div class=\"elementor-widget-wrap\">\n\t\t\t\t<div data-id=\"9c05a52\" class=\"elementor-element elementor-element-9c05a52 elementor-aspect-ratio-169 elementor-widget elementor-widget-video\" data-settings=\"{&quot;aspect_ratio&quot;:&quot;169&quot;}\" data-element_type=\"video.default\">\n\t\t\t\t<div class=\"elementor-widget-container\">\n\t\t\t\t\t<div class=\"elementor-wrapper elementor-fit-aspect-ratio elementor-open-inline\">\n\t\t\t<iframe class=\"elementor-video-iframe\" allowfullscreen src=\"https:\/\/www.youtube.com\/embed\/2QE126LCNJU?feature=oembed&amp;start&amp;end&amp;wmode=opaque&amp;loop=0&amp;controls=1&amp;mute=0&amp;rel=0&amp;modestbranding=0\"><\/iframe>\t\t<\/div>\n\t\t\t\t<\/div>\n\t\t\t\t<\/div>\n\t\t\t\t\t\t<\/div>\n\t\t\t<\/div>\n\t\t<\/div>\n\t\t\t\t<div data-id=\"e351122\" class=\"elementor-element elementor-element-e351122 elementor-column elementor-col-25 elementor-top-column\" data-element_type=\"column\">\n\t\t\t<div class=\"elementor-column-wrap  elementor-element-populated\">\n\t\t\t\t\t<div class=\"elementor-widget-wrap\">\n\t\t\t\t<div data-id=\"25ca013\" class=\"elementor-element elementor-element-25ca013 elementor-aspect-ratio-169 elementor-widget elementor-widget-video\" data-settings=\"{&quot;aspect_ratio&quot;:&quot;169&quot;}\" data-element_type=\"video.default\">\n\t\t\t\t<div class=\"elementor-widget-container\">\n\t\t\t\t\t<div class=\"elementor-wrapper elementor-fit-aspect-ratio elementor-open-inline\">\n\t\t\t<iframe class=\"elementor-video-iframe\" allowfullscreen src=\"https:\/\/www.youtube.com\/embed\/YPr3x23P1Bo?feature=oembed&amp;start&amp;end&amp;wmode=opaque&amp;loop=0&amp;controls=1&amp;mute=0&amp;rel=0&amp;modestbranding=0\"><\/iframe>\t\t<\/div>\n\t\t\t\t<\/div>\n\t\t\t\t<\/div>\n\t\t\t\t\t\t<\/div>\n\t\t\t<\/div>\n\t\t<\/div>\n\t\t\t\t<div data-id=\"16f55ef\" class=\"elementor-element elementor-element-16f55ef elementor-column elementor-col-25 elementor-top-column\" data-element_type=\"column\">\n\t\t\t<div class=\"elementor-column-wrap  elementor-element-populated\">\n\t\t\t\t\t<div class=\"elementor-widget-wrap\">\n\t\t\t\t<div data-id=\"d26275e\" class=\"elementor-element elementor-element-d26275e elementor-aspect-ratio-169 elementor-widget elementor-widget-video\" data-settings=\"{&quot;aspect_ratio&quot;:&quot;169&quot;}\" data-element_type=\"video.default\">\n\t\t\t\t<div class=\"elementor-widget-container\">\n\t\t\t\t\t<div class=\"elementor-wrapper elementor-fit-aspect-ratio elementor-open-inline\">\n\t\t\t<iframe class=\"elementor-video-iframe\" allowfullscreen src=\"https:\/\/www.youtube.com\/embed\/0tkaBjupbPs?feature=oembed&amp;start&amp;end&amp;wmode=opaque&amp;loop=0&amp;controls=1&amp;mute=0&amp;rel=0&amp;modestbranding=0\"><\/iframe>\t\t<\/div>\n\t\t\t\t<\/div>\n\t\t\t\t<\/div>\n\t\t\t\t\t\t<\/div>\n\t\t\t<\/div>\n\t\t<\/div>\n\t\t\t\t\t\t<\/div>\n\t\t\t<\/div>\n\t\t<\/section>\n\t\t\t\t<section data-id=\"9edebea\" class=\"elementor-element elementor-element-9edebea elementor-section-boxed elementor-section-height-default elementor-section-height-default elementor-section elementor-top-section\" data-element_type=\"section\">\n\t\t\t\t\t\t<div class=\"elementor-container elementor-column-gap-default\">\n\t\t\t\t<div class=\"elementor-row\">\n\t\t\t\t<div data-id=\"5db5b56\" class=\"elementor-element elementor-element-5db5b56 elementor-column elementor-col-25 elementor-top-column\" data-element_type=\"column\">\n\t\t\t<div class=\"elementor-column-wrap  elementor-element-populated\">\n\t\t\t\t\t<div class=\"elementor-widget-wrap\">\n\t\t\t\t<div data-id=\"667091d\" class=\"elementor-element elementor-element-667091d elementor-aspect-ratio-169 elementor-widget elementor-widget-video\" data-settings=\"{&quot;aspect_ratio&quot;:&quot;169&quot;}\" data-element_type=\"video.default\">\n\t\t\t\t<div class=\"elementor-widget-container\">\n\t\t\t\t\t<div class=\"elementor-wrapper elementor-fit-aspect-ratio elementor-open-inline\">\n\t\t\t<iframe class=\"elementor-video-iframe\" allowfullscreen src=\"https:\/\/www.youtube.com\/embed\/rJObuWG4rDI?feature=oembed&amp;start&amp;end&amp;wmode=opaque&amp;loop=0&amp;controls=1&amp;mute=0&amp;rel=0&amp;modestbranding=0\"><\/iframe>\t\t<\/div>\n\t\t\t\t<\/div>\n\t\t\t\t<\/div>\n\t\t\t\t\t\t<\/div>\n\t\t\t<\/div>\n\t\t<\/div>\n\t\t\t\t<div data-id=\"93911e8\" class=\"elementor-element elementor-element-93911e8 elementor-column elementor-col-25 elementor-top-column\" data-element_type=\"column\">\n\t\t\t<div class=\"elementor-column-wrap  elementor-element-populated\">\n\t\t\t\t\t<div class=\"elementor-widget-wrap\">\n\t\t\t\t<div data-id=\"bbbed4d\" class=\"elementor-element elementor-element-bbbed4d elementor-aspect-ratio-169 elementor-widget elementor-widget-video\" data-settings=\"{&quot;aspect_ratio&quot;:&quot;169&quot;}\" data-element_type=\"video.default\">\n\t\t\t\t<div class=\"elementor-widget-container\">\n\t\t\t\t\t<div class=\"elementor-wrapper elementor-fit-aspect-ratio elementor-open-inline\">\n\t\t\t<iframe class=\"elementor-video-iframe\" allowfullscreen src=\"https:\/\/www.youtube.com\/embed\/7YWAZFC5r5k?feature=oembed&amp;start&amp;end&amp;wmode=opaque&amp;loop=0&amp;controls=1&amp;mute=0&amp;rel=0&amp;modestbranding=0\"><\/iframe>\t\t<\/div>\n\t\t\t\t<\/div>\n\t\t\t\t<\/div>\n\t\t\t\t\t\t<\/div>\n\t\t\t<\/div>\n\t\t<\/div>\n\t\t\t\t<div data-id=\"33e3db0\" class=\"elementor-element elementor-element-33e3db0 elementor-column elementor-col-25 elementor-top-column\" data-element_type=\"column\">\n\t\t\t<div class=\"elementor-column-wrap\">\n\t\t\t\t\t<div class=\"elementor-widget-wrap\">\n\t\t\t\t\t\t<\/div>\n\t\t\t<\/div>\n\t\t<\/div>\n\t\t\t\t<div data-id=\"93a8e20\" class=\"elementor-element elementor-element-93a8e20 elementor-column elementor-col-25 elementor-top-column\" data-element_type=\"column\">\n\t\t\t<div class=\"elementor-column-wrap\">\n\t\t\t\t\t<div class=\"elementor-widget-wrap\">\n\t\t\t\t\t\t<\/div>\n\t\t\t<\/div>\n\t\t<\/div>\n\t\t\t\t\t\t<\/div>\n\t\t\t<\/div>\n\t\t<\/section>\n\t\t\t\t\t\t<\/div>\n\t\t\t<\/div>\n\t\t<\/div>\n\t\t","protected":false},"excerpt":{"rendered":"<p>https:\/\/web.archive.org\/web\/20160205034601\/http:\/\/www.youtube.com\/watch?v=kc67Xdm7NfE&#038;feature=relatedhttps:\/\/web.archive.org\/web\/20160205034601\/http:\/\/youtu.be\/kB-yo6qR5ZI Document\u00e1rio &#8220;Voltar a Macau, 10 anos depois&#8221; Este document\u00e1rio, de Rui Nunes, com gui\u00e3o de Celina Veiga de Oliveira, foi exibido&nbsp;na RTP&nbsp;Mem\u00f3ria em Junho de 2010. Rui Nunes &#8211;&nbsp;Realizador \/ Produtor__________________________________ RTP &#8211; R\u00e1dio e Televis\u00e3o de Portugal, SAruinunes.rtp@gmail.com&nbsp;\/&nbsp;ruionunes@gmail.com https:\/\/web.archive.org\/web\/20160205034601\/http:\/\/www.youtube.com\/watch?v=KczXpxACXYshttps:\/\/web.archive.org\/web\/20160205034601\/http:\/\/www.youtube.com\/watch?v=746BH_pzdx0https:\/\/web.archive.org\/web\/20160205034601\/http:\/\/www.youtube.com\/watch?v=zJSTJSxCv8Mhttps:\/\/web.archive.org\/web\/20160205034601\/http:\/\/www.youtube.com\/watch?v=S6NFb6uqD0chttps:\/\/web.archive.org\/web\/20160205034601\/http:\/\/www.youtube.com\/watch?v=87ZfTAQkrrMhttps:\/\/web.archive.org\/web\/20160205034601\/http:\/\/www.youtube.com\/watch?v=2QE126LCNJUhttps:\/\/web.archive.org\/web\/20160205034601\/http:\/\/www.youtube.com\/watch?v=YPr3x23P1Bohttps:\/\/web.archive.org\/web\/20160205034601\/http:\/\/www.youtube.com\/watch?v=0tkaBjupbPshttps:\/\/web.archive.org\/web\/20160205034601\/http:\/\/www.youtube.com\/watch?v=rJObuWG4rDIhttps:\/\/web.archive.org\/web\/20160205034601\/http:\/\/www.youtube.com\/watch?v=7YWAZFC5r5k<\/p>\n","protected":false},"author":1,"featured_media":0,"parent":0,"menu_order":0,"comment_status":"closed","ping_status":"closed","template":"","meta":{"footnotes":""},"class_list":["post-981","page","type-page","status-publish","hentry","entry"],"_links":{"self":[{"href":"https:\/\/casademacau.pt\/index.php?rest_route=\/wp\/v2\/pages\/981","targetHints":{"allow":["GET"]}}],"collection":[{"href":"https:\/\/casademacau.pt\/index.php?rest_route=\/wp\/v2\/pages"}],"about":[{"href":"https:\/\/casademacau.pt\/index.php?rest_route=\/wp\/v2\/types\/page"}],"author":[{"embeddable":true,"href":"https:\/\/casademacau.pt\/index.php?rest_route=\/wp\/v2\/users\/1"}],"replies":[{"embeddable":true,"href":"https:\/\/casademacau.pt\/index.php?rest_route=%2Fwp%2Fv2%2Fcomments&post=981"}],"version-history":[{"count":2,"href":"https:\/\/casademacau.pt\/index.php?rest_route=\/wp\/v2\/pages\/981\/revisions"}],"predecessor-version":[{"id":997,"href":"https:\/\/casademacau.pt\/index.php?rest_route=\/wp\/v2\/pages\/981\/revisions\/997"}],"wp:attachment":[{"href":"https:\/\/casademacau.pt\/index.php?rest_route=%2Fwp%2Fv2%2Fmedia&parent=981"}],"curies":[{"name":"wp","href":"https:\/\/api.w.org\/{rel}","templated":true}]}}