{"id":318,"date":"2018-06-04T15:56:03","date_gmt":"2018-06-04T15:56:03","guid":{"rendered":"http:\/\/casademacau.pt\/teste1\/?page_id=318"},"modified":"2019-01-28T21:15:36","modified_gmt":"2019-01-28T21:15:36","slug":"qui-nova","status":"publish","type":"page","link":"https:\/\/casademacau.pt\/?page_id=318","title":{"rendered":"Qui Nova"},"content":{"rendered":"\t\t<div data-elementor-type=\"post\" data-elementor-id=\"318\" class=\"elementor elementor-318\" data-elementor-settings=\"[]\">\n\t\t\t<div class=\"elementor-inner\">\n\t\t\t\t<div class=\"elementor-section-wrap\">\n\t\t\t\t\t\t\t<section data-id=\"4413fb2\" class=\"elementor-element elementor-element-4413fb2 elementor-section-boxed elementor-section-height-default elementor-section-height-default elementor-section elementor-top-section\" data-element_type=\"section\">\n\t\t\t\t\t\t<div class=\"elementor-container elementor-column-gap-default\">\n\t\t\t\t<div class=\"elementor-row\">\n\t\t\t\t<div data-id=\"3a0b392\" class=\"elementor-element elementor-element-3a0b392 elementor-column elementor-col-100 elementor-top-column\" data-element_type=\"column\">\n\t\t\t<div class=\"elementor-column-wrap  elementor-element-populated\">\n\t\t\t\t\t<div class=\"elementor-widget-wrap\">\n\t\t\t\t<div data-id=\"26eb124\" class=\"elementor-element elementor-element-26eb124 elementor-view-default elementor-widget elementor-widget-icon\" data-element_type=\"icon.default\">\n\t\t\t\t<div class=\"elementor-widget-container\">\n\t\t\t\t\t<div class=\"elementor-icon-wrapper\">\n\t\t\t<div class=\"elementor-icon\">\n\t\t\t\t<i class=\"fa fa-star\" aria-hidden=\"true\"><\/i>\n\t\t\t<\/div>\n\t\t<\/div>\n\t\t\t\t<\/div>\n\t\t\t\t<\/div>\n\t\t\t\t<div data-id=\"70c9fef\" class=\"elementor-element elementor-element-70c9fef elementor-widget elementor-widget-text-editor\" data-element_type=\"text-editor.default\">\n\t\t\t\t<div class=\"elementor-widget-container\">\n\t\t\t\t\t<div class=\"elementor-text-editor elementor-clearfix\"><p>O Qui-Nova \u00e9 o boletim da Casa de Macau, com periodicidade regular, que disponibilizamos a todos os s\u00f3cios e amigos. Brevemente, as edi\u00e7\u00f5es mais recentes ser\u00e3o aqui colocadas.<\/p><\/div>\n\t\t\t\t<\/div>\n\t\t\t\t<\/div>\n\t\t\t\t<div data-id=\"5914183\" class=\"elementor-element elementor-element-5914183 elementor-widget elementor-widget-html\" data-element_type=\"html.default\">\n\t\t\t\t<div class=\"elementor-widget-container\">\n\t\t\t<table style=\"width: 70%; border-collapse: collapse; border: #d3d3d3 thin solid; padding: 5px;\" border=\"1\">\n<tbody>\n<tr>\n<td>\n<p style=\"text-align: center;\"><strong><br \/>ANO 2017<\/strong><\/p>\n<\/td>\n<td>\n<ul>\n<li><a class=\"icon-pdf\" href=\"http:\/\/casademacau.pt\/wp-content\/uploads\/2010\/01\/quinova-2017-06-07dezembro.pdf\">N\u00ba06, Dezembro 2017<\/a><\/li>\n<li><a class=\"icon-pdf\" href=\"http:\/\/casademacau.pt\/wp-content\/uploads\/2010\/01\/quinova-2017-05-11outubro.pdf\">N\u00ba05, Outubro 2017&nbsp;<\/a><\/li>\n<li><a class=\"icon-pdf\" href=\"http:\/\/casademacau.pt\/wp-content\/uploads\/2010\/01\/quinova-2017-04-28julho.pdf\">N\u00ba04, Julho 2017<\/a><\/li>\n<li><a class=\"icon-pdf\" href=\"http:\/\/casademacau.pt\/wp-content\/uploads\/2010\/01\/quinova-2017-03-09junho_.pdf\">N\u00ba03, Junho 2017<\/a><\/li>\n<li><a class=\"icon-pdf\" href=\"http:\/\/casademacau.pt\/wp-content\/uploads\/2010\/01\/quinova-2017-02-10maio.pdf\">N\u00ba02, Maio 2017<\/a><\/li>\n<li><a class=\"icon-pdf\" href=\"http:\/\/casademacau.pt\/wp-content\/uploads\/2010\/01\/quinova-2017-01-20marco.pdf\">N\u00ba01, Mar\u00e7o 2017<\/a><\/li>\n<\/ul>\n<\/td>\n<\/tr>\n<tr>\n<td>\n<p style=\"text-align: center;\"><strong>ANO 2016<\/strong><\/p>\n<\/td>\n<td>\n<ul>\n<li><a class=\"icon-pdf\" href=\"http:\/\/casademacau.pt\/wp-content\/uploads\/2010\/01\/quinova-2016-10-29dezembro.pdf\">N\u00ba10, Dezembro 2016<\/a><\/li>\n<li><a class=\"icon-pdf\" href=\"http:\/\/casademacau.pt\/wp-content\/uploads\/2010\/01\/quinova-2016-09-09novembro.pdf\">N\u00ba09, Novembro 2016<\/a><\/li>\n<li><a class=\"icon-pdf\" href=\"http:\/\/casademacau.pt\/wp-content\/uploads\/2010\/01\/quinova-2016-08-21setembro.pdf\">N\u00ba08, Setembro 2016<\/a><\/li>\n<li><a class=\"icon-pdf\" href=\"http:\/\/casademacau.pt\/wp-content\/uploads\/2010\/01\/quinova-2016-07-25julho.pdf\">N\u00ba07, Julho 2016<\/a><\/li>\n<li><a class=\"icon-pdf\" href=\"http:\/\/casademacau.pt\/wp-content\/uploads\/2010\/01\/quinova-2016-06-06julho.pdf\">N\u00ba06, Julho 2016<\/a><\/li>\n<li><a class=\"icon-pdf\" href=\"http:\/\/casademacau.pt\/wp-content\/uploads\/2010\/01\/quinova-2016-05-02junho.pdf\">N\u00ba05, Junho 2016<\/a><\/li>\n<li><a class=\"icon-pdf\" href=\"http:\/\/casademacau.pt\/wp-content\/uploads\/2010\/01\/quinova-2016-04-05maio.pdf\">N\u00ba04, Maio 2016<\/a><\/li>\n<li><a class=\"icon-pdf\" href=\"http:\/\/casademacau.pt\/wp-content\/uploads\/2010\/01\/quinova-2016-03-04abril.pdf\">N\u00ba03, Abril 2016<\/a><\/li>\n<li><a class=\"icon-pdf\" href=\"http:\/\/casademacau.pt\/wp-content\/uploads\/2010\/01\/quinova-2016-02-01marco.pdf\">N\u00ba02, Mar\u00e7o 2016<\/a><\/li>\n<li><a class=\"icon-pdf\" style=\"font-size: 12px;\" href=\"http:\/\/casademacau.pt\/wp-content\/uploads\/2010\/01\/quinova-2016-01-19janeiro.pdf\">N\u00ba01, Janeiro 2016<\/a><\/li>\n<\/ul>\n<\/td>\n<\/tr>\n<tr>\n<td style=\"text-align: center;\"><strong>ANO 2015<\/strong><\/td>\n<td>\n<ul style=\"font-size: 12.222222328186px;\">\n<li><a class=\"icon-pdf\" href=\"http:\/\/casademacau.pt\/wp-content\/uploads\/2010\/01\/quinova-2015-09-02dezembro.pdf\">N\u00ba09, Dezembro 2015<\/a><\/li>\n<li><a class=\"icon-pdf\" href=\"http:\/\/casademacau.pt\/wp-content\/uploads\/2010\/01\/quinova-2015-08-09outubro.pdf\">N\u00ba08, Outubro 2015<\/a><\/li>\n<li><a class=\"icon-pdf\" href=\"http:\/\/casademacau.pt\/wp-content\/uploads\/2010\/01\/quinova-2015-07-27julho.pdf\">N\u00ba07, Julho 2015<\/a><\/li>\n<li><a class=\"icon-pdf\" href=\"http:\/\/casademacau.pt\/wp-content\/uploads\/2010\/01\/quinova-2015-06-03julho.pdf\">N\u00ba06, Julho 2015<\/a><\/li>\n<li><a class=\"icon-pdf\" href=\"http:\/\/casademacau.pt\/wp-content\/uploads\/2010\/01\/quinova-2015-05-29maio.pdf\">N\u00ba05, Maio 2015<\/a><\/li>\n<li><a class=\"icon-pdf\" href=\"http:\/\/casademacau.pt\/wp-content\/uploads\/2010\/01\/quinova-2015-04-28abril.pdf\">N\u00ba04, Abril 2015<\/a><\/li>\n<li><a class=\"icon-pdf\" href=\"http:\/\/casademacau.pt\/wp-content\/uploads\/2010\/01\/quinova-2015-03-10marco_.pdf\">N\u00ba03, Mar\u00e7o 2015<\/a><\/li>\n<li><a class=\"icon-pdf\" href=\"http:\/\/casademacau.pt\/wp-content\/uploads\/2010\/01\/quinova-2015-02-11fevereiro.pdf\">N\u00ba02, Fevereiro 2015<\/a><\/li>\n<li><a class=\"icon-pdf\" href=\"http:\/\/casademacau.pt\/wp-content\/uploads\/2010\/01\/quinova-2015-01-20janeiro.pdf\">N\u00ba01, Janeiro 2015<\/a><\/li>\n<\/ul>\n<\/td>\n<\/tr>\n<tr>\n<td style=\"text-align: center;\"><strong>ANO 2014<\/strong><\/td>\n<td>\n<ul>\n<li><a class=\"icon-pdf\" href=\"http:\/\/casademacau.pt\/wp-content\/uploads\/2010\/01\/quinova-2014-07-27novembro.pdf\">N\u00ba07, Novembro 2014<\/a><\/li>\n<li><a class=\"icon-pdf\" href=\"http:\/\/casademacau.pt\/wp-content\/uploads\/2010\/01\/quinova-2014-06-08outubro_.pdf\">N\u00ba06, Outubro 2014<\/a><\/li>\n<li><a class=\"icon-pdf\" href=\"http:\/\/casademacau.pt\/wp-content\/uploads\/2010\/01\/quinova-2014-05-15julho.pdf\">N\u00ba05, Julho 2014<\/a><\/li>\n<li><a class=\"icon-pdf\" href=\"http:\/\/casademacau.pt\/wp-content\/uploads\/2010\/01\/quinova-2014-04-30maio.pdf\">N\u00ba04, Maio 2014<\/a><\/li>\n<li><a class=\"icon-pdf\" href=\"http:\/\/casademacau.pt\/wp-content\/uploads\/2010\/01\/quinova-2014-03-09maio.pdf\">N\u00ba03, Maio 2014<\/a><\/li>\n<li><a class=\"icon-pdf\" href=\"http:\/\/casademacau.pt\/wp-content\/uploads\/2010\/01\/quinova-2014-02-05marco.pdf\">N\u00ba02, Mar\u00e7o 2014<\/a><\/li>\n<li><span style=\"text-decoration: underline;\"><a class=\"icon-pdf\" href=\"http:\/\/casademacau.pt\/wp-content\/uploads\/2010\/01\/quinova-2014-01-06janeiro.pdf\">N\u00ba01, Janeiro 2014<\/a><\/span><\/li>\n<\/ul>\n<\/td>\n<\/tr>\n<tr>\n<td style=\"text-align: center;\"><strong>ANO 2013<\/strong><\/td>\n<td>\n<ul>\n<li class=\"icon-pdf\"><a class=\"icon-pdf\" href=\"http:\/\/casademacau.pt\/wp-content\/uploads\/2010\/01\/quinova-2013-09-20novembro.pdf\">N\u00ba09, Novembro 2013<\/a><\/li>\n<li class=\"icon-pdf\"><a class=\"icon-pdf\" href=\"http:\/\/casademacau.pt\/wp-content\/uploads\/2010\/01\/quinova-2013-08-28outubro.pdf\">N\u00ba08, Outubro 2013<\/a><\/li>\n<li class=\"icon-pdf\"><span style=\"font-size: 12px;\"><a class=\"icon-pdf\" href=\"http:\/\/casademacau.pt\/wp-content\/uploads\/2010\/01\/quinova-2013-07-18outubro.pdf\">N\u00ba07, Outubro 2013<\/a><\/span><\/li>\n<li><a class=\"icon-pdf\" href=\"http:\/\/casademacau.pt\/wp-content\/uploads\/2010\/01\/quinova-2013-06-29julho.pdf\">N\u00ba06, Julho 2013<\/a><\/li>\n<li><a class=\"icon-pdf\" href=\"http:\/\/casademacau.pt\/wp-content\/uploads\/2010\/01\/quinova-2013-05-02julho.pdf\">N\u00ba05, Julho 2013<\/a><\/li>\n<li><a class=\"icon-pdf\" style=\"text-decoration: underline; color: #d44b0f;\" href=\"http:\/\/casademacau.pt\/wp-content\/uploads\/2010\/01\/quinova-2013-05-02julho.pdf\">N\u00ba04, Maio 2013<\/a><\/li>\n<li><a class=\"icon-pdf\" style=\"text-decoration: underline; color: #d44b0f;\" href=\"http:\/\/casademacau.pt\/wp-content\/uploads\/2010\/01\/quinova-2013-03-05abril.pdf\">N\u00ba03, Abril 2013<\/a><\/li>\n<li><a class=\"icon-pdf\" style=\"text-decoration: underline; color: #d44b0f;\" href=\"http:\/\/casademacau.pt\/wp-content\/uploads\/2010\/01\/quinova-2013-02-08marco.pdf\">N\u00ba02, Mar\u00e7o 2013<\/a><\/li>\n<li><a class=\"icon-pdf\" style=\"text-decoration: underline; color: #d44b0f;\" href=\"http:\/\/casademacau.pt\/wp-content\/uploads\/2010\/01\/quinova-2013-01-14janeiro.pdf\">N\u00ba01, Janeiro 2013<\/a><\/li>\n<\/ul>\n<\/td>\n<\/tr>\n<tr>\n<td style=\"text-align: center;\"><strong>ANO 2012<\/strong><\/td>\n<td>\n<ul>\n<li class=\"icon-pdf\"><a class=\"icon-pdf\" href=\"http:\/\/casademacau.pt\/wp-content\/uploads\/2010\/01\/quinova-2012-09-27dezembro.pdf\">N\u00ba09, Dezembro 2012<\/a><\/li>\n<li class=\"icon-pdf\"><a class=\"icon-pdf\" href=\"http:\/\/casademacau.pt\/wp-content\/uploads\/2010\/01\/quinova-2012-08-19novembro.pdf\">N\u00ba08, Novembro 2012<\/a><\/li>\n<li class=\"icon-pdf\"><a class=\"icon-pdf\" href=\"http:\/\/casademacau.pt\/wp-content\/uploads\/2010\/01\/quinova-2012-07-24outubro.pdf\">N\u00ba07, Outubro 2012<\/a><\/li>\n<li class=\"icon-pdf\"><a class=\"icon-pdf\" href=\"http:\/\/casademacau.pt\/wp-content\/uploads\/2010\/01\/quinova-2012-06-27julho.pdf\">N\u00ba06, Julho 2012<\/a><\/li>\n<li class=\"icon-pdf\"><a class=\"icon-pdf\" href=\"http:\/\/casademacau.pt\/wp-content\/uploads\/2010\/01\/quinova-2012-05-31maio.pdf\">N\u00ba05, Maio 2012<\/a><\/li>\n<li class=\"icon-pdf\"><a class=\"icon-pdf\" href=\"http:\/\/casademacau.pt\/wp-content\/uploads\/2010\/01\/quinova-2012-04-16maio.pdf\">N\u00ba04, Maio 2012<\/a><\/li>\n<li class=\"icon-pdf\"><a class=\"icon-pdf\" href=\"http:\/\/casademacau.pt\/wp-content\/uploads\/2010\/01\/quinova-2012-03-06marco.pdf\">N\u00ba03, Mar\u00e7o 2012<\/a><\/li>\n<li class=\"icon-pdf\"><a class=\"icon-pdf\" href=\"http:\/\/casademacau.pt\/wp-content\/uploads\/2010\/01\/quinova-2012-04-16maio.pdf\">N\u00ba02, Fevereiro 2012<\/a><\/li>\n<li class=\"icon-pdf\"><a class=\"icon-pdf\" href=\"http:\/\/casademacau.pt\/wp-content\/uploads\/2010\/01\/quinova-2012-01-09janeiro.pdf\"><span style=\"color: #d44b0f;\">N\u00ba01, Janeiro 201<\/span>2<\/a><\/li>\n<\/ul>\n<\/td>\n<\/tr>\n<tr>\n<td style=\"text-align: center;\" valign=\"middle\" scope=\"col\"><strong>ANO 2011<\/strong><\/td>\n<td>\n<ul>\n<li class=\"icon-pdf\"><a class=\"icon-pdf\" style=\"text-decoration: underline; color: #d44b0f;\" href=\"http:\/\/casademacau.pt\/wp-content\/uploads\/2010\/01\/quinova-2011-09-05dezembro.pdf\">N\u00ba09, Dezembro 2011<\/a><\/li>\n<li class=\"icon-pdf\"><a class=\"icon-pdf\" style=\"text-decoration: underline; color: #d44b0f;\" href=\"http:\/\/casademacau.pt\/wp-content\/uploads\/2010\/01\/quinova-2011-08-04novembro.pdf\">N\u00ba08, Novembro 2011<\/a><\/li>\n<li class=\"icon-pdf\"><a class=\"icon-pdf\" style=\"text-decoration: underline; color: #d44b0f;\" href=\"http:\/\/casademacau.pt\/wp-content\/uploads\/2010\/01\/quinova-2011-07-17outubro.pdf\">N\u00ba07, Outubro 2011<\/a><\/li>\n<li class=\"icon-pdf\"><a class=\"icon-pdf\" href=\"http:\/\/casademacau.pt\/wp-content\/uploads\/2010\/01\/quinova-2011-06-16setembro.pdf\">N\u00ba06, Setembro 2011<\/a><\/li>\n<li class=\"icon-pdf\"><a class=\"icon-pdf\" href=\"http:\/\/casademacau.pt\/wp-content\/uploads\/2010\/01\/quinova-2011-05-08julho.pdf\">N\u00ba05, Julho 2011<\/a><\/li>\n<li class=\"icon-pdf\"><a class=\"icon-pdf\" href=\"http:\/\/casademacau.pt\/wp-content\/uploads\/2010\/01\/quinova-2011-04-06junho.pdf\">N\u00ba04, Junho 2011<\/a><\/li>\n<li class=\"icon-pdf\"><a class=\"icon-pdf\" href=\"http:\/\/casademacau.pt\/wp-content\/uploads\/2010\/01\/quinova-2011-03-16maio.pdf\">N\u00ba03, Maio 2011<\/a><\/li>\n<li class=\"icon-pdf\"><a class=\"icon-pdf\" href=\"http:\/\/casademacau.pt\/wp-content\/uploads\/2010\/01\/quinova-2011-02-07marco.pdf\">N\u00ba02, Mar\u00e7o 2011<\/a><\/li>\n<li class=\"icon-pdf\"><a class=\"icon-pdf\" href=\"http:\/\/casademacau.pt\/wp-content\/uploads\/2010\/01\/quinova-2011-01-10janeiro.pdf\">N\u00ba01, Janeiro 2011<\/a><\/li>\n<\/ul>\n<\/td>\n<\/tr>\n<tr>\n<td style=\"text-align: center;\"><strong>ANO 2010<\/strong><\/td>\n<td>\n<ul>\n<li class=\"icon-pdf\"><a class=\"icon-pdf\" href=\"http:\/\/casademacau.pt\/wp-content\/uploads\/2010\/01\/quinova-2010-08-11novembro.pdf\">N\u00ba08, Novembro 2010<\/a><\/li>\n<li class=\"icon-pdf\"><a class=\"icon-pdf\" href=\"http:\/\/casademacau.pt\/wp-content\/uploads\/2010\/01\/quinova-2010-07-19outubro.pdf\">N\u00ba07, Outubro 2010<\/a><\/li>\n<li class=\"icon-pdf\"><a class=\"icon-pdf\" href=\"http:\/\/casademacau.pt\/wp-content\/uploads\/2010\/01\/quinova-2010-06-29julho.pdf\">N\u00ba06, Julho 2010<\/a><\/li>\n<li class=\"icon-pdf\"><span class=\"icon-pdf\" style=\"color: #808080;\"><a class=\"icon-pdf\" href=\"http:\/\/casademacau.pt\/wp-content\/uploads\/2010\/01\/quinova-2010-05-26maio.pdf\">N\u00ba05, Maio 2010<\/a><\/span><\/li>\n<li class=\"icon-pdf\"><a class=\"icon-pdf\" href=\"http:\/\/casademacau.pt\/wp-content\/uploads\/2010\/01\/quinova-2010-04-26abril.pdf\">N\u00ba04, Abril 2010<\/a><\/li>\n<li><a class=\"icon-pdf\" href=\"http:\/\/casademacau.pt\/wp-content\/uploads\/2010\/01\/quinova-2010-03-18marco.pdf\">N\u00ba03, Mar\u00e7o 2010<\/a><\/li>\n<li><a class=\"icon-pdf\" href=\"http:\/\/casademacau.pt\/wp-content\/uploads\/2010\/01\/quinova-2010-02-marco.pdf\">N\u00ba02, Mar\u00e7o 2010<\/a><\/li>\n<li><a class=\"icon-pdf\" title=\"Qui Nova 01\/2010\" href=\"http:\/\/casademacau.pt\/wp-content\/uploads\/2010\/01\/quinova-2010-01-janeiro.pdf\" target=\"_blank\">N\u00ba01, Janeiro 2010<\/a><\/li>\n<\/ul>\n<\/td>\n<\/tr>\n<tr>\n<td style=\"text-align: center;\"><strong>ANO 2009<\/strong><\/td>\n<td>\n<ul>\n<li><a class=\"icon-pdf\" title=\"Qui Nova 07\/2009\" href=\"http:\/\/casademacau.pt\/wp-content\/uploads\/2010\/01\/quinova-2009-07.pdf\" target=\"_blank\">N\u00ba07, Outubro 2009<\/a><\/li>\n<li><a class=\"icon-pdf\" title=\"Qui Nova 06\/2009\" href=\"http:\/\/casademacau.pt\/wp-content\/uploads\/2010\/01\/quinova-2009-06.pdf\" target=\"_blank\">N\u00ba06, Setembro 2009<\/a><\/li>\n<li><a class=\"icon-pdf\" title=\"Qui Nova 05\/2009\" href=\"http:\/\/casademacau.pt\/wp-content\/uploads\/2010\/01\/quinova-2009-05.pdf\" target=\"_blank\">N\u00ba05, Julho 2009<\/a><\/li>\n<li><a class=\"icon-pdf\" title=\"Qui Nova 04\/2009\" href=\"http:\/\/casademacau.pt\/wp-content\/uploads\/2010\/01\/quinova-2009-04.pdf\" target=\"_blank\">N\u00ba04, Maio 2009<\/a><\/li>\n<li><a class=\"icon-pdf\" title=\"Qui Nova 03\/2009\" href=\"http:\/\/casademacau.pt\/wp-content\/uploads\/2010\/01\/quinova-2009-03.pdf\" target=\"_blank\">N\u00ba03, Abril 2009<\/a><\/li>\n<li class=\"icon-pdf\"><a class=\"icon-pdf\" href=\"http:\/\/casademacau.pt\/wp-content\/uploads\/2010\/01\/quinova-2009-02-27fevereiro.pdf\">N\u00ba02, Fevereiro 2009<\/a><\/li>\n<li><a class=\"icon-pdf\" href=\"http:\/\/casademacau.pt\/wp-content\/uploads\/2010\/01\/quinova-2009-01-12janeiro.pdf\">N\u00ba01, Janeiro 2009<\/a><\/li>\n<\/ul>\n<\/td>\n<\/tr>\n<tr>\n<td style=\"text-align: center;\"><strong>ANO 2008<\/strong><\/td>\n<td>\n<ul>\n<li><a class=\"icon-pdf\" title=\"Qui Nova 08\/2008\" href=\"http:\/\/casademacau.pt\/wp-content\/uploads\/2010\/01\/quinova-2008-08-novembro.pdf\" target=\"_blank\">N\u00ba08, Novembro 2008<\/a><\/li>\n<li><a class=\"icon-pdf\" title=\"Qui Nova 07\/2008\" href=\"http:\/\/casademacau.pt\/wp-content\/uploads\/2010\/01\/quinova-2008-07-outubro.pdf\" target=\"_blank\">N\u00ba07, Outubro 2008<\/a><\/li>\n<li><a class=\"icon-pdf\" title=\"Qui Nova 06\/2008\" href=\"http:\/\/casademacau.pt\/wp-content\/uploads\/2010\/01\/quinova-2008-06-setembro.pdf\" target=\"_blank\">N\u00ba06, Setembro 2008<\/a><\/li>\n<li><a class=\"icon-pdf\" title=\"Qui Nova 05\/2008\" href=\"http:\/\/casademacau.pt\/wp-content\/uploads\/2010\/01\/quinova-2008-05-julho.pdf\" target=\"_blank\">N\u00ba05, Julho 2008<\/a><\/li>\n<li><a class=\"icon-pdf\" title=\"Qui Nova 04\/2008\" href=\"http:\/\/casademacau.pt\/wp-content\/uploads\/2010\/01\/quinova-2008-04-junho.pdf\" target=\"_blank\">N\u00ba04, Junho 2008<\/a><\/li>\n<li><a class=\"icon-pdf\" title=\"Qui Nova 03\/2008\" href=\"http:\/\/casademacau.pt\/wp-content\/uploads\/2010\/01\/quinova-2008-03-abril.pdf\" target=\"_blank\">N\u00ba03, Abril 2008<\/a><\/li>\n<li><a class=\"icon-pdf\" title=\"Qui Nova 02\/2007\" href=\"http:\/\/casademacau.pt\/wp-content\/uploads\/2010\/01\/quinova-2008-02-fevereiro.pdf\" target=\"_blank\">N\u00ba02, Fevereiro2008<\/a><\/li>\n<li><a class=\"icon-pdf\" title=\"Qui Nova 01\/2007\" href=\"http:\/\/casademacau.pt\/wp-content\/uploads\/2010\/01\/quinova-2008-01-janeiro.pdf\" target=\"_blank\">N\u00ba01, Janeiro 2008<\/a><\/li>\n<\/ul>\n<\/td>\n<\/tr>\n<tr>\n<td style=\"text-align: center;\"><strong>ANO 2007<\/strong><\/td>\n<td>\n<ul>\n<li><a class=\"icon-pdf\" title=\"Qui Nova 08\/2007\" href=\"http:\/\/casademacau.pt\/wp-content\/uploads\/2010\/01\/quinova-2007-08-outubro.pdf\" target=\"_blank\">N\u00ba08, Outubro 2007<\/a><\/li>\n<li><a class=\"icon-pdf\" title=\"Qui Nova 07\/2007\" href=\"http:\/\/casademacau.pt\/wp-content\/uploads\/2010\/01\/quinova-2007-07-setembro.pdf\" target=\"_blank\">N\u00ba07, Setembro 2007<\/a><\/li>\n<li><a class=\"icon-pdf\" title=\"Qui Nova 06\/2007\" href=\"http:\/\/casademacau.pt\/wp-content\/uploads\/2010\/01\/quinova-2007-06-julho.pdf\" target=\"_blank\">N\u00ba06, Julho 2007<\/a><\/li>\n<li><a class=\"icon-pdf\" title=\"Qui Nova 05\/2007\" href=\"http:\/\/casademacau.pt\/wp-content\/uploads\/2010\/01\/quinova-2007-05-julho.pdf\" target=\"_blank\">N\u00ba05, Julho 2007<\/a><\/li>\n<li><a class=\"icon-pdf\" title=\"Qui Nova 04\/2007\" href=\"http:\/\/casademacau.pt\/wp-content\/uploads\/2010\/01\/quinova-2007-04-junho.pdf\" target=\"_blank\">N\u00ba04, Junho 2007<\/a><\/li>\n<li><a class=\"icon-pdf\" title=\"Qui Nova 03\/2007\" href=\"http:\/\/casademacau.pt\/wp-content\/uploads\/2010\/01\/quinova-2007-03-maio.pdf\" target=\"_blank\">N\u00ba03, Maio 2007<\/a><\/li>\n<li><a class=\"icon-pdf\" title=\"Qui Nova 02\/2007\" href=\"http:\/\/casademacau.pt\/wp-content\/uploads\/2010\/01\/quinova-2007-02-marco.pdf\" target=\"_blank\">N\u00ba02, Mar\u00e7o 2007<\/a><\/li>\n<li><a class=\"icon-pdf\" title=\"Qui Nova 01\/2007\" href=\"http:\/\/casademacau.pt\/wp-content\/uploads\/2010\/01\/quinova-2007-01-janeiro.pdf\" target=\"_blank\">N\u00ba01, Janeiro 2007<\/a><\/li>\n<\/ul>\n<\/td>\n<\/tr>\n<tr>\n<td style=\"text-align: center;\" width=\"30%\"><strong>ANO 2006<\/strong><\/td>\n<td>\n<ul>\n<li><a class=\"icon-pdf\" title=\"Qui Nova 05\/2006\" href=\"http:\/\/casademacau.pt\/wp-content\/uploads\/2010\/01\/quinova-2006-05-novembro.pdf\" target=\"_blank\">N\u00ba05, Novembro 2006<\/a><\/li>\n<li><a class=\"icon-pdf\" title=\"Qui Nova 04\/2006\" href=\"http:\/\/casademacau.pt\/wp-content\/uploads\/2010\/01\/quinova-2006-04-outubro.pdf\" target=\"_blank\">N\u00ba04, Outubro 2006<\/a><\/li>\n<li><a class=\"icon-pdf\" title=\"Qui Nova 03\/2006\" href=\"http:\/\/casademacau.pt\/wp-content\/uploads\/2010\/01\/quinova-2006-03-setembro.pdf\" target=\"_blank\">N\u00ba03, Setembro 2006<\/a><\/li>\n<li><a class=\"icon-pdf\" title=\"Qui Nova 02\/2006\" href=\"http:\/\/casademacau.pt\/wp-content\/uploads\/2010\/01\/quinova-2006-02-maio.pdf\" target=\"_blank\">N\u00ba02, Maio 2006<\/a><\/li>\n<li><a class=\"icon-pdf\" title=\"Qui Nova 01\/2006\" href=\"http:\/\/casademacau.pt\/wp-content\/uploads\/2010\/01\/quinova-2006-01-marco.pdf\" target=\"_blank\">N\u00ba01, Mar\u00e7o 2006<\/a><\/li>\n<\/ul>\n<\/td>\n<\/tr>\n<\/tbody>\n<\/table>\t\t<\/div>\n\t\t\t\t<\/div>\n\t\t\t\t\t\t<\/div>\n\t\t\t<\/div>\n\t\t<\/div>\n\t\t\t\t\t\t<\/div>\n\t\t\t<\/div>\n\t\t<\/section>\n\t\t\t\t<section data-id=\"bde4511\" class=\"elementor-element elementor-element-bde4511 elementor-section-boxed elementor-section-height-default elementor-section-height-default elementor-section elementor-top-section\" data-element_type=\"section\">\n\t\t\t\t\t\t<div class=\"elementor-container elementor-column-gap-default\">\n\t\t\t\t<div class=\"elementor-row\">\n\t\t\t\t<div data-id=\"a303990\" class=\"elementor-element elementor-element-a303990 elementor-column elementor-col-100 elementor-top-column\" data-element_type=\"column\">\n\t\t\t<div class=\"elementor-column-wrap\">\n\t\t\t\t\t<div class=\"elementor-widget-wrap\">\n\t\t\t\t\t\t<\/div>\n\t\t\t<\/div>\n\t\t<\/div>\n\t\t\t\t\t\t<\/div>\n\t\t\t<\/div>\n\t\t<\/section>\n\t\t\t\t\t\t<\/div>\n\t\t\t<\/div>\n\t\t<\/div>\n\t\t","protected":false},"excerpt":{"rendered":"<p>O Qui-Nova \u00e9 o boletim da Casa de Macau, com periodicidade regular, que disponibilizamos a todos os s\u00f3cios e amigos. Brevemente, as edi\u00e7\u00f5es mais recentes ser\u00e3o aqui colocadas. ANO 2017 N\u00ba06, Dezembro 2017 N\u00ba05, Outubro 2017&nbsp; N\u00ba04, Julho 2017 N\u00ba03, Junho 2017 N\u00ba02, Maio 2017 N\u00ba01, Mar\u00e7o 2017 ANO 2016 N\u00ba10, Dezembro 2016 N\u00ba09, Novembro [&hellip;]<\/p>\n","protected":false},"author":1,"featured_media":0,"parent":0,"menu_order":5,"comment_status":"closed","ping_status":"closed","template":"","meta":{"footnotes":""},"class_list":["post-318","page","type-page","status-publish","hentry","entry"],"_links":{"self":[{"href":"https:\/\/casademacau.pt\/index.php?rest_route=\/wp\/v2\/pages\/318","targetHints":{"allow":["GET"]}}],"collection":[{"href":"https:\/\/casademacau.pt\/index.php?rest_route=\/wp\/v2\/pages"}],"about":[{"href":"https:\/\/casademacau.pt\/index.php?rest_route=\/wp\/v2\/types\/page"}],"author":[{"embeddable":true,"href":"https:\/\/casademacau.pt\/index.php?rest_route=\/wp\/v2\/users\/1"}],"replies":[{"embeddable":true,"href":"https:\/\/casademacau.pt\/index.php?rest_route=%2Fwp%2Fv2%2Fcomments&post=318"}],"version-history":[{"count":7,"href":"https:\/\/casademacau.pt\/index.php?rest_route=\/wp\/v2\/pages\/318\/revisions"}],"predecessor-version":[{"id":1188,"href":"https:\/\/casademacau.pt\/index.php?rest_route=\/wp\/v2\/pages\/318\/revisions\/1188"}],"wp:attachment":[{"href":"https:\/\/casademacau.pt\/index.php?rest_route=%2Fwp%2Fv2%2Fmedia&parent=318"}],"curies":[{"name":"wp","href":"https:\/\/api.w.org\/{rel}","templated":true}]}}