{"id":268,"date":"2018-05-29T11:00:47","date_gmt":"2018-05-29T11:00:47","guid":{"rendered":"http:\/\/casademacau.pt\/teste1\/?page_id=268"},"modified":"2019-02-12T10:34:24","modified_gmt":"2019-02-12T10:34:24","slug":"sobre","status":"publish","type":"page","link":"https:\/\/casademacau.pt\/?page_id=268","title":{"rendered":"Sobre a Casa"},"content":{"rendered":"\t\t<div data-elementor-type=\"post\" data-elementor-id=\"268\" class=\"elementor elementor-268\" data-elementor-settings=\"[]\">\n\t\t\t<div class=\"elementor-inner\">\n\t\t\t\t<div class=\"elementor-section-wrap\">\n\t\t\t\t\t\t\t<section data-id=\"600b843\" class=\"elementor-element elementor-element-600b843 elementor-section-boxed elementor-section-height-default elementor-section-height-default elementor-section elementor-top-section\" data-element_type=\"section\">\n\t\t\t\t\t\t<div class=\"elementor-container elementor-column-gap-default\">\n\t\t\t\t<div class=\"elementor-row\">\n\t\t\t\t<div data-id=\"eb0ae66\" class=\"elementor-element elementor-element-eb0ae66 elementor-column elementor-col-100 elementor-top-column\" data-element_type=\"column\">\n\t\t\t<div class=\"elementor-column-wrap  elementor-element-populated\">\n\t\t\t\t\t<div class=\"elementor-widget-wrap\">\n\t\t\t\t<div data-id=\"1a895e7\" class=\"elementor-element elementor-element-1a895e7 elementor-position-top elementor-vertical-align-top elementor-widget elementor-widget-image-box\" data-element_type=\"image-box.default\">\n\t\t\t\t<div class=\"elementor-widget-container\">\n\t\t\t<div class=\"elementor-image-box-wrapper\"><figure class=\"elementor-image-box-img\"><img loading=\"lazy\" decoding=\"async\" width=\"350\" height=\"246\" src=\"https:\/\/casademacau.pt\/wp-content\/uploads\/2018\/05\/foto_casa_de_macau_exterior.jpg\" class=\"attachment-medium_large size-medium_large\" alt=\"\" srcset=\"https:\/\/casademacau.pt\/wp-content\/uploads\/2018\/05\/foto_casa_de_macau_exterior.jpg 350w, https:\/\/casademacau.pt\/wp-content\/uploads\/2018\/05\/foto_casa_de_macau_exterior-300x211.jpg 300w\" sizes=\"auto, (max-width: 350px) 100vw, 350px\" \/><\/figure><div class=\"elementor-image-box-content\"><h3 class=\"elementor-image-box-title\">Sobre a Casa de Macau<\/h3><p class=\"elementor-image-box-description\">A Casa de Macau em Portugal, situada em Lisboa, \u00e9 uma Casa acolhedora e bem equipada para a pr\u00e1tica das mais diversas actividades e eventos.<br><br>\nVista do exterior, a Casa de Macau mistura-se na paisagem dos arredores, constitu\u00edda por vivendas de arquitectura semelhante, circundadas por pequenos p\u00e1tios verdejantes, da Av. Almirante Gago Coutinho.<br><br>\nO ambiente na Casa de Macau \u00e9 confort\u00e1vel e sobretudo tranquilo, predominando no seu interior um estilo macaense dos anos 70. No primeiro andar, existe uma sala de jogos ao dispor dos associados e curiosos, com mesas para os diversos jogos e mesas de mah-jong, assim como um bar.<br><\/p><\/div><\/div>\t\t<\/div>\n\t\t\t\t<\/div>\n\t\t\t\t\t\t<\/div>\n\t\t\t<\/div>\n\t\t<\/div>\n\t\t\t\t\t\t<\/div>\n\t\t\t<\/div>\n\t\t<\/section>\n\t\t\t\t<section data-id=\"23a89de\" class=\"elementor-element elementor-element-23a89de elementor-section-boxed elementor-section-height-default elementor-section-height-default elementor-section elementor-top-section\" data-element_type=\"section\">\n\t\t\t\t\t\t<div class=\"elementor-container elementor-column-gap-default\">\n\t\t\t\t<div class=\"elementor-row\">\n\t\t\t\t<div data-id=\"64f043b\" class=\"elementor-element elementor-element-64f043b elementor-column elementor-col-100 elementor-top-column\" data-element_type=\"column\">\n\t\t\t<div class=\"elementor-column-wrap  elementor-element-populated\">\n\t\t\t\t\t<div class=\"elementor-widget-wrap\">\n\t\t\t\t<div data-id=\"1f482fe\" class=\"elementor-element elementor-element-1f482fe elementor-view-default elementor-widget elementor-widget-icon\" data-element_type=\"icon.default\">\n\t\t\t\t<div class=\"elementor-widget-container\">\n\t\t\t\t\t<div class=\"elementor-icon-wrapper\">\n\t\t\t<div class=\"elementor-icon\">\n\t\t\t\t<i class=\"fa fa-home\" aria-hidden=\"true\"><\/i>\n\t\t\t<\/div>\n\t\t<\/div>\n\t\t\t\t<\/div>\n\t\t\t\t<\/div>\n\t\t\t\t\t\t<\/div>\n\t\t\t<\/div>\n\t\t<\/div>\n\t\t\t\t\t\t<\/div>\n\t\t\t<\/div>\n\t\t<\/section>\n\t\t\t\t<section data-id=\"254abd1\" class=\"elementor-element elementor-element-254abd1 elementor-section-boxed elementor-section-height-default elementor-section-height-default elementor-section elementor-top-section\" data-element_type=\"section\">\n\t\t\t\t\t\t<div class=\"elementor-container elementor-column-gap-default\">\n\t\t\t\t<div class=\"elementor-row\">\n\t\t\t\t<div data-id=\"a577713\" class=\"elementor-element elementor-element-a577713 elementor-column elementor-col-100 elementor-top-column\" data-element_type=\"column\">\n\t\t\t<div class=\"elementor-column-wrap  elementor-element-populated\">\n\t\t\t\t\t<div class=\"elementor-widget-wrap\">\n\t\t\t\t<div data-id=\"06232c0\" class=\"elementor-element elementor-element-06232c0 elementor-widget elementor-widget-text-editor\" data-element_type=\"text-editor.default\">\n\t\t\t\t<div class=\"elementor-widget-container\">\n\t\t\t\t\t<div class=\"elementor-text-editor elementor-clearfix\"><p><span style=\"font-family: Roboto, sans-serif; font-size: 15px; font-style: normal; font-variant-ligatures: normal; font-variant-caps: normal; font-weight: 400; text-align: center; white-space: pre-wrap;\">No r\u00e9s-do-ch\u00e3o temos uma sala de estar de grande conforto , onde se podem ver os mais variados canais de televis\u00e3o por cabo.<\/span><br style=\"font-size: 15px; text-align: center; white-space: pre-wrap;\" \/><span style=\"font-family: Roboto, sans-serif; font-size: 15px; font-style: normal; font-variant-ligatures: normal; font-variant-caps: normal; font-weight: 400; text-align: center; white-space: pre-wrap;\"> Na cave, a Casa de Macau disponibiliza uma \u00e1rea enorme de conv\u00edvio e l\u00e1 se podem encontrar uma mesa de bilhar, matraquilhos, uma mesa de ping-pong e um jogo de dardos.<\/span><br style=\"font-size: 15px; text-align: center; white-space: pre-wrap;\" \/><br style=\"font-size: 15px; text-align: center; white-space: pre-wrap;\" \/><span style=\"font-family: Roboto, sans-serif; font-size: 15px; font-style: normal; font-variant-ligatures: normal; font-variant-caps: normal; font-weight: 400; text-align: center; white-space: pre-wrap;\"> O nosso p\u00e1tio \u00e9 tamb\u00e9m um local confort\u00e1vel de se estar, principalmente no Ver\u00e3o. As pequenas mesas e bancos l\u00e1 existentes s\u00e3o o ideal para se estar a ler o jornal e a lanchar com conhecidos ou amigos seus.<\/span><br style=\"font-size: 15px; text-align: center; white-space: pre-wrap;\" \/><br style=\"font-size: 15px; text-align: center; white-space: pre-wrap;\" \/><span style=\"font-family: Roboto, sans-serif; font-size: 15px; font-style: normal; font-variant-ligatures: normal; font-variant-caps: normal; font-weight: 400; text-align: center; white-space: pre-wrap;\"> A Casa de Macau tem tamb\u00e9m uma sala enorme (multiusos) na parte traseira para a realiza\u00e7\u00e3o das mais diversas actividades ou eventos.<\/span><\/p><\/div>\n\t\t\t\t<\/div>\n\t\t\t\t<\/div>\n\t\t\t\t\t\t<\/div>\n\t\t\t<\/div>\n\t\t<\/div>\n\t\t\t\t\t\t<\/div>\n\t\t\t<\/div>\n\t\t<\/section>\n\t\t\t\t<section data-id=\"ee22628\" class=\"elementor-element elementor-element-ee22628 elementor-section-boxed elementor-section-height-default elementor-section-height-default elementor-section elementor-top-section\" data-element_type=\"section\">\n\t\t\t\t\t\t<div class=\"elementor-container elementor-column-gap-default\">\n\t\t\t\t<div class=\"elementor-row\">\n\t\t\t\t<div data-id=\"2fe39b8\" class=\"elementor-element elementor-element-2fe39b8 elementor-column elementor-col-100 elementor-top-column\" data-element_type=\"column\">\n\t\t\t<div class=\"elementor-column-wrap  elementor-element-populated\">\n\t\t\t\t\t<div class=\"elementor-widget-wrap\">\n\t\t\t\t<div data-id=\"cac6bcc\" class=\"elementor-element elementor-element-cac6bcc elementor-widget elementor-widget-divider\" data-element_type=\"divider.default\">\n\t\t\t\t<div class=\"elementor-widget-container\">\n\t\t\t\t\t<div class=\"elementor-divider\">\n\t\t\t<span class=\"elementor-divider-separator\"><\/span>\n\t\t<\/div>\n\t\t\t\t<\/div>\n\t\t\t\t<\/div>\n\t\t\t\t\t\t<\/div>\n\t\t\t<\/div>\n\t\t<\/div>\n\t\t\t\t\t\t<\/div>\n\t\t\t<\/div>\n\t\t<\/section>\n\t\t\t\t<section data-id=\"421215e\" class=\"elementor-element elementor-element-421215e elementor-section-boxed elementor-section-height-default elementor-section-height-default elementor-section elementor-top-section\" data-element_type=\"section\">\n\t\t\t\t\t\t<div class=\"elementor-container elementor-column-gap-default\">\n\t\t\t\t<div class=\"elementor-row\">\n\t\t\t\t<div data-id=\"ca13dab\" class=\"elementor-element elementor-element-ca13dab elementor-column elementor-col-100 elementor-top-column\" data-element_type=\"column\">\n\t\t\t<div class=\"elementor-column-wrap  elementor-element-populated\">\n\t\t\t\t\t<div class=\"elementor-widget-wrap\">\n\t\t\t\t<div data-id=\"0ce7236\" class=\"elementor-element elementor-element-0ce7236 elementor-button-success elementor-align-center elementor-widget elementor-widget-button\" data-element_type=\"button.default\">\n\t\t\t\t<div class=\"elementor-widget-container\">\n\t\t\t\t\t<div class=\"elementor-button-wrapper\">\n\t\t\t<a href=\"http:\/\/casademacau.pt\/?page_id=1100\" class=\"elementor-button-link elementor-button elementor-size-lg\" role=\"button\">\n\t\t\t\t\t\t<span class=\"elementor-button-content-wrapper\">\n\t\t\t\t\t\t<span class=\"elementor-button-text\">Ser S\u00f3cio!<\/span>\n\t\t<\/span>\n\t\t\t\t\t<\/a>\n\t\t<\/div>\n\t\t\t\t<\/div>\n\t\t\t\t<\/div>\n\t\t\t\t\t\t<\/div>\n\t\t\t<\/div>\n\t\t<\/div>\n\t\t\t\t\t\t<\/div>\n\t\t\t<\/div>\n\t\t<\/section>\n\t\t\t\t<section data-id=\"17dcdb3\" class=\"elementor-element elementor-element-17dcdb3 elementor-section-boxed elementor-section-height-default elementor-section-height-default elementor-section elementor-top-section\" data-element_type=\"section\">\n\t\t\t\t\t\t<div class=\"elementor-container elementor-column-gap-default\">\n\t\t\t\t<div class=\"elementor-row\">\n\t\t\t\t<div data-id=\"a9ef5f6\" class=\"elementor-element elementor-element-a9ef5f6 elementor-column elementor-col-100 elementor-top-column\" data-element_type=\"column\">\n\t\t\t<div class=\"elementor-column-wrap  elementor-element-populated\">\n\t\t\t\t\t<div class=\"elementor-widget-wrap\">\n\t\t\t\t<div data-id=\"ceeed74\" class=\"elementor-element elementor-element-ceeed74 elementor-widget elementor-widget-menu-anchor\" data-element_type=\"menu-anchor.default\">\n\t\t\t\t<div class=\"elementor-widget-container\">\n\t\t\t\t\t<div id=\"Socio\" class=\"elementor-menu-anchor\"><\/div>\n\t\t\t\t<\/div>\n\t\t\t\t<\/div>\n\t\t\t\t<div data-id=\"ff6d44a\" class=\"elementor-element elementor-element-ff6d44a elementor-widget elementor-widget-toggle\" data-element_type=\"toggle.default\">\n\t\t\t\t<div class=\"elementor-widget-container\">\n\t\t\t\t\t<div class=\"elementor-toggle\" role=\"tablist\">\n\t\t\t\t\t\t\t<div class=\"elementor-toggle-item\">\n\t\t\t\t\t<div id=\"elementor-tab-title-2671\" class=\"elementor-tab-title\" data-tab=\"1\" role=\"tab\" aria-controls=\"elementor-tab-content-2671\">\n\t\t\t\t\t\t\t\t\t\t\t\t<span class=\"elementor-toggle-icon elementor-toggle-icon-left\" aria-hidden=\"true\">\n\t\t\t\t\t\t\t<i class=\"elementor-toggle-icon-closed fa fa-caret-right\"><\/i>\n\t\t\t\t\t\t\t<i class=\"elementor-toggle-icon-opened fa fa-caret-up\"><\/i>\n\t\t\t\t\t\t<\/span>\n\t\t\t\t\t\t\t\t\t\t\t\t<a href=\"\">Fundadores - Quadro de Honra<\/a>\n\t\t\t\t\t<\/div>\n\t\t\t\t\t<div id=\"elementor-tab-content-2671\" class=\"elementor-tab-content elementor-clearfix\" data-tab=\"1\" role=\"tabpanel\" aria-labelledby=\"elementor-tab-title-2671\"><div class=\"headline\" style=\"caret-color: #000000; color: #000000; font-family: -webkit-standard; font-style: normal; font-variant-caps: normal; margin-top: 5px; padding-bottom: 2px; overflow: hidden;\"><h1 class=\"title\" style=\"margin-bottom: 0px; font-weight: normal; font-size: 36px; line-height: 36px; font-family: MyFont, Arial, Helvetica, sans-serif; color: #675543; text-shadow: #ffffff 0px 1px 0px, #c8c8c8 0px 1px 4px; letter-spacing: 0px; text-indent: 2px; float: left;\">\u00a0<\/h1><div class=\"icons\" style=\"float: right;\"><div class=\"icon email\" style=\"margin-top: 10px; float: right;\"><a style=\"color: #ba3a08;\" title=\"Enviar por E-mail\" href=\"https:\/\/web.archive.org\/web\/20160320205343\/http:\/\/casademacau.pt\/component\/mailto\/?tmpl=component&amp;link=04581aa396a20e44a26bc26dd3ae03f579fe5579\"><img decoding=\"async\" style=\"border-width: 0px;\" src=\"https:\/\/web.archive.org\/web\/20160320205343im_\/http:\/\/casademacau.pt\/templates\/yoo_explorer\/images\/emailButton.png\" alt=\"Enviar por E-mail\" \/><\/a><\/div><div class=\"icon print\" style=\"margin-top: 10px; margin-right: 5px; float: right;\"><a style=\"color: #ba3a08;\" title=\"Vers\u00e3o para impress\u00e3o\" href=\"https:\/\/web.archive.org\/web\/20160320205343\/http:\/\/casademacau.pt\/sobre\/informacao-institucional\/fundadores?tmpl=component&amp;print=1&amp;page=\" rel=\"nofollow\"><img decoding=\"async\" style=\"border-width: 0px;\" src=\"https:\/\/web.archive.org\/web\/20160320205343im_\/http:\/\/casademacau.pt\/templates\/yoo_explorer\/images\/printButton.png\" alt=\"Vers\u00e3o para impress\u00e3o\" \/><\/a><\/div><\/div><\/div><p>\u00a0<\/p><table id=\"centerTable\" style=\"caret-color: #000000; color: #000000; font-family: -webkit-standard; font-style: normal; font-variant-caps: normal;\" border=\"0\" cellspacing=\"5px\"><tbody><tr><td id=\"fotos_galeria\" style=\"padding: 1px;\"><img decoding=\"async\" class=\"fotos_galeria\" style=\"border-width: 0px;\" src=\"https:\/\/web.archive.org\/web\/20160320205343im_\/http:\/\/casademacau.pt\/images\/stories\/fundadores\/flavio.gif\" border=\"0\" \/><\/td><td id=\"fotos_galeria\" style=\"padding: 1px;\"><img decoding=\"async\" class=\"fotos_galeria\" style=\"border-width: 0px;\" src=\"https:\/\/web.archive.org\/web\/20160320205343im_\/http:\/\/casademacau.pt\/images\/stories\/fundadores\/raul_garcia_cabral.gif\" border=\"0\" \/><\/td><td id=\"fotos_galeria\" style=\"padding: 1px;\"><img decoding=\"async\" class=\"fotos_galeria\" style=\"border-width: 0px;\" src=\"https:\/\/web.archive.org\/web\/20160320205343im_\/http:\/\/casademacau.pt\/images\/stories\/fundadores\/tercio.gif\" border=\"0\" \/><\/td><td id=\"fotos_galeria\" style=\"padding: 1px;\"><img decoding=\"async\" class=\"fotos_galeria\" style=\"border-width: 0px;\" src=\"https:\/\/web.archive.org\/web\/20160320205343im_\/http:\/\/casademacau.pt\/images\/stories\/fundadores\/maria_jacob.gif\" border=\"0\" \/><\/td><\/tr><tr><td id=\"texto_fotos_galeria\" style=\"padding: 1px;\">General Flavio Jos\u00e9 Alvares dos Santos<\/td><td id=\"texto_fotos_galeria\" style=\"padding: 1px;\">Professor Engenheiro Ra\u00fal Vasco Garcia Cabral<\/td><td id=\"texto_fotos_galeria\" style=\"padding: 1px;\">Tenente Coronel Engenheiro Edmundo T\u00e9rcio da Silva<\/td><td id=\"texto_fotos_galeria\" style=\"padding: 1px;\">Dra. Maria do C\u00e9u Saraiva Jorge Jacob<\/td><\/tr><tr><td style=\"padding: 1px;\">\u00a0<\/td><td style=\"padding: 1px;\">\u00a0<\/td><\/tr><tr><td id=\"fotos_galeria\" style=\"padding: 1px;\"><img decoding=\"async\" class=\"fotos_galeria\" style=\"border-width: 0px;\" src=\"https:\/\/web.archive.org\/web\/20160320205343im_\/http:\/\/casademacau.pt\/images\/stories\/fundadores\/leopoldo_barreiros.gif\" border=\"0\" \/><\/td><td id=\"fotos_galeria\" style=\"padding: 1px;\"><img decoding=\"async\" class=\"fotos_galeria\" style=\"border-width: 0px;\" src=\"https:\/\/web.archive.org\/web\/20160320205343im_\/http:\/\/casademacau.pt\/images\/stories\/fundadores\/hagatong.gif\" border=\"0\" \/><\/td><td id=\"fotos_galeria\" style=\"padding: 1px;\"><img decoding=\"async\" class=\"fotos_galeria\" style=\"border-width: 0px;\" src=\"https:\/\/web.archive.org\/web\/20160320205343im_\/http:\/\/casademacau.pt\/images\/stories\/fundadores\/lello.gif\" border=\"0\" \/><\/td><td id=\"fotos_galeria\" style=\"padding: 1px;\"><img decoding=\"async\" class=\"fotos_galeria\" style=\"border-width: 0px;\" src=\"https:\/\/web.archive.org\/web\/20160320205343im_\/http:\/\/casademacau.pt\/images\/stories\/fundadores\/estorninho.gif\" border=\"0\" \/><\/td><\/tr><tr><td id=\"texto_fotos_galeria\" style=\"padding: 1px;\">Dr. Leopoldo Danilo Barreiros<\/td><td id=\"texto_fotos_galeria\" style=\"padding: 1px;\">Dr. Armando Flor\u00eancio de Oliveira Hagatong<\/td><td id=\"texto_fotos_galeria\" style=\"padding: 1px;\">Dr. Jos\u00e9 Maria Pinto Lello<\/td><td id=\"texto_fotos_galeria\" style=\"padding: 1px;\">Dr. Carlos Augusto Gon\u00e7alves Estorninho<\/td><\/tr><tr><td style=\"padding: 1px;\">\u00a0<\/td><td style=\"padding: 1px;\">\u00a0<\/td><\/tr><tr><td id=\"fotos_galeria\" style=\"padding: 1px;\"><img decoding=\"async\" class=\"fotos_galeria\" style=\"border-width: 0px;\" src=\"https:\/\/web.archive.org\/web\/20160320205343im_\/http:\/\/casademacau.pt\/images\/stories\/fundadores\/nolasco_dasilva.gif\" border=\"0\" \/><\/td><td id=\"fotos_galeria\" style=\"padding: 1px;\"><img decoding=\"async\" class=\"fotos_galeria\" style=\"border-width: 0px;\" src=\"https:\/\/web.archive.org\/web\/20160320205343im_\/http:\/\/casademacau.pt\/images\/stories\/fundadores\/vasconcellos.gif\" border=\"0\" \/><\/td><td id=\"fotos_galeria\" style=\"padding: 1px;\"><img decoding=\"async\" class=\"fotos_galeria\" style=\"border-width: 0px;\" src=\"https:\/\/web.archive.org\/web\/20160320205343im_\/http:\/\/casademacau.pt\/images\/stories\/fundadores\/ant_geraldo_vidigal.gif\" border=\"0\" \/><\/td><td id=\"fotos_galeria\" style=\"padding: 1px;\"><img decoding=\"async\" class=\"fotos_galeria\" style=\"border-width: 0px;\" src=\"https:\/\/web.archive.org\/web\/20160320205343im_\/http:\/\/casademacau.pt\/images\/stories\/fundadores\/joao_pires_antas.gif\" border=\"0\" \/><\/td><\/tr><tr><td id=\"texto_fotos_galeria\" style=\"padding: 1px;\">Dr. Augusto Jos\u00e9 Sousa Nolasco da Silva<\/td><td id=\"texto_fotos_galeria\" style=\"padding: 1px;\">Dr. Eduardo de Almeida e Vasconcellos<\/td><td id=\"texto_fotos_galeria\" style=\"padding: 1px;\">Dr. Bernardo Jos\u00e9 da Silva Vidigal<\/td><td id=\"\\&quot;texto_fotos_galeria&quot;\" style=\"padding: 1px;\">Engenheiro Jo\u00e3o Pires Antas<\/td><\/tr><tr><td style=\"padding: 1px;\">\u00a0<\/td><td style=\"padding: 1px;\">\u00a0<\/td><\/tr><tr><td id=\"fotos_galeria\" style=\"padding: 1px;\"><img decoding=\"async\" class=\"fotos_galeria\" style=\"border-width: 0px;\" src=\"https:\/\/web.archive.org\/web\/20160320205343im_\/http:\/\/casademacau.pt\/images\/stories\/fundadores\/mariano_barbosa.gif\" border=\"0\" \/><\/td><td id=\"fotos_galeria\" style=\"padding: 1px;\"><img decoding=\"async\" class=\"fotos_galeria\" style=\"border-width: 0px;\" src=\"https:\/\/web.archive.org\/web\/20160320205343im_\/http:\/\/casademacau.pt\/images\/stories\/fundadores\/antonio_maria_dasilva.gif\" border=\"0\" \/><\/td><td id=\"fotos_galeria\" style=\"padding: 1px;\"><img decoding=\"async\" class=\"fotos_galeria\" style=\"border-width: 0px;\" src=\"https:\/\/web.archive.org\/web\/20160320205343im_\/http:\/\/casademacau.pt\/images\/stories\/fundadores\/horacio_garcia.gif\" border=\"0\" \/><\/td><td id=\"fotos_galeria\" style=\"padding: 1px;\"><img decoding=\"async\" class=\"fotos_galeria\" style=\"border-width: 0px;\" src=\"https:\/\/web.archive.org\/web\/20160320205343im_\/http:\/\/casademacau.pt\/images\/stories\/fundadores\/carlos_basto.gif\" border=\"0\" \/><\/td><\/tr><tr><td id=\"texto_fotos_galeria\" style=\"padding: 1px;\">Coronel Mariano Alberto Tamagnini Barbosa<\/td><td id=\"texto_fotos_galeria\" style=\"padding: 1px;\">Ant\u00f3nio Maria da Silva<\/td><td id=\"texto_fotos_galeria\" style=\"padding: 1px;\">Dr. Hor\u00e1cio Jos\u00e9 Garcia<\/td><td id=\"texto_fotos_galeria\" style=\"padding: 1px;\">Carlos Jos\u00e9 Cabral Duhau Laborde Basto<\/td><\/tr><tr><td style=\"padding: 1px;\">\u00a0<\/td><td style=\"padding: 1px;\">\u00a0<\/td><\/tr><tr><td id=\"fotos_galeria\" style=\"padding: 1px;\"><img decoding=\"async\" class=\"fotos_galeria\" style=\"border-width: 0px;\" src=\"https:\/\/web.archive.org\/web\/20160320205343im_\/http:\/\/casademacau.pt\/images\/stories\/fundadores\/pimentel.gif\" border=\"0\" \/><\/td><td id=\"fotos_galeria\" style=\"padding: 1px;\"><img decoding=\"async\" class=\"fotos_galeria\" style=\"border-width: 0px;\" src=\"https:\/\/web.archive.org\/web\/20160320205343im_\/http:\/\/casademacau.pt\/images\/stories\/fundadores\/alemao.gif\" border=\"0\" \/><\/td><td id=\"fotos_galeria\" style=\"padding: 1px;\"><img decoding=\"async\" class=\"fotos_galeria\" style=\"border-width: 0px;\" src=\"https:\/\/web.archive.org\/web\/20160320205343im_\/http:\/\/casademacau.pt\/images\/stories\/fundadores\/rangel_dalmeida.gif\" border=\"0\" \/><\/td><td id=\"fotos_galeria\" style=\"padding: 1px;\">\u00a0<\/td><\/tr><tr><td id=\"texto_fotos_galeria\" style=\"padding: 1px; caret-color: #646464; color: #646464; font-family: Arial, Helvetica, sans-serif; font-size: 12px; font-style: normal; font-variant-caps: normal;\">Henrique Ayala de Serpa Pimentel<\/td><td id=\"\\&quot;texto_fotos_galeria&quot;\" style=\"padding: 1px; caret-color: #646464; color: #646464; font-family: Arial, Helvetica, sans-serif; font-size: 12px; font-style: normal; font-variant-caps: normal;\">Alberto Maria Alem\u00e3o<\/td><td id=\"texto_fotos_galeria\" style=\"padding: 1px; caret-color: #646464; color: #646464; font-family: Arial, Helvetica, sans-serif; font-size: 12px; font-style: normal; font-variant-caps: normal;\">Gerardo Majella Rangel de Almeida<\/td><\/tr><\/tbody><\/table><\/div>\n\t\t\t\t<\/div>\n\t\t\t\t\t<\/div>\n\t\t\t\t<\/div>\n\t\t\t\t<\/div>\n\t\t\t\t\t\t<\/div>\n\t\t\t<\/div>\n\t\t<\/div>\n\t\t\t\t\t\t<\/div>\n\t\t\t<\/div>\n\t\t<\/section>\n\t\t\t\t\t\t<\/div>\n\t\t\t<\/div>\n\t\t<\/div>\n\t\t","protected":false},"excerpt":{"rendered":"<p>Sobre a Casa de Macau A Casa de Macau em Portugal, situada em Lisboa, \u00e9 uma Casa acolhedora e bem equipada para a pr\u00e1tica das mais diversas actividades e eventos. Vista do exterior, a Casa de Macau mistura-se na paisagem dos arredores, constitu\u00edda por vivendas de arquitectura semelhante, circundadas por pequenos p\u00e1tios verdejantes, da Av. [&hellip;]<\/p>\n","protected":false},"author":1,"featured_media":0,"parent":0,"menu_order":6,"comment_status":"closed","ping_status":"closed","template":"","meta":{"footnotes":""},"class_list":["post-268","page","type-page","status-publish","hentry","entry"],"_links":{"self":[{"href":"https:\/\/casademacau.pt\/index.php?rest_route=\/wp\/v2\/pages\/268","targetHints":{"allow":["GET"]}}],"collection":[{"href":"https:\/\/casademacau.pt\/index.php?rest_route=\/wp\/v2\/pages"}],"about":[{"href":"https:\/\/casademacau.pt\/index.php?rest_route=\/wp\/v2\/types\/page"}],"author":[{"embeddable":true,"href":"https:\/\/casademacau.pt\/index.php?rest_route=\/wp\/v2\/users\/1"}],"replies":[{"embeddable":true,"href":"https:\/\/casademacau.pt\/index.php?rest_route=%2Fwp%2Fv2%2Fcomments&post=268"}],"version-history":[{"count":23,"href":"https:\/\/casademacau.pt\/index.php?rest_route=\/wp\/v2\/pages\/268\/revisions"}],"predecessor-version":[{"id":1226,"href":"https:\/\/casademacau.pt\/index.php?rest_route=\/wp\/v2\/pages\/268\/revisions\/1226"}],"wp:attachment":[{"href":"https:\/\/casademacau.pt\/index.php?rest_route=%2Fwp%2Fv2%2Fmedia&parent=268"}],"curies":[{"name":"wp","href":"https:\/\/api.w.org\/{rel}","templated":true}]}}