{"id":1100,"date":"2019-01-24T17:58:39","date_gmt":"2019-01-24T17:58:39","guid":{"rendered":"http:\/\/casademacau.pt\/?page_id=1100"},"modified":"2019-02-12T10:33:44","modified_gmt":"2019-02-12T10:33:44","slug":"ser-socio","status":"publish","type":"page","link":"http:\/\/casademacau.pt\/?page_id=1100","title":{"rendered":"Ser S\u00f3cio"},"content":{"rendered":"\n<p>\u00c9 com enorme orgulho e satisfa\u00e7\u00e3o que a Casa de Macau v\u00ea cada inscri\u00e7\u00e3o de um novo membro para a associa\u00e7\u00e3o. S\u00e3o os s\u00f3cios que d\u00e3o vida \u00e0 Casa de Macau. Porque sem eles, a Casa de Macau jamais poderia ser um lugar de conv\u00edvio.<\/p>\n\n\n\n<p>CONDI\u00c7\u00d5ES DE ADMISS\u00c3O DE S\u00d3CIOS<\/p>\n\n\n\n<p>Para se tornar s\u00f3cio basta preencher e assinar um formul\u00e1rio, juntar duas fotografias tipo passe e enviar por correio ou entregar pessoalmente na Secretaria.<\/p>\n\n\n\n<p>Ap\u00f3s a aceita\u00e7\u00e3o da candidatura ser\u00e1 contactado e depois dever\u00e1 proceder ao pagamento da j\u00f3ia (10\u20ac) e tr\u00eas meses de quotiza\u00e7\u00e3o.<\/p>\n\n\n\n<p>Valor da quota mensal<\/p>\n\n\n\n<p>S\u00f3cios com menos de 65 anos: 6,50\u20ac &nbsp; &nbsp; &nbsp; &nbsp; &nbsp; &nbsp; &nbsp; &nbsp; &nbsp; &nbsp; &nbsp; &nbsp; &nbsp; &nbsp; (na inscri\u00e7\u00e3o 29,50\u20ac)<\/p>\n\n\n\n<p>S\u00f3cios com mais de 65 anos: 4\u20ac&nbsp;&nbsp;&nbsp;&nbsp;&nbsp;&nbsp;&nbsp;&nbsp;&nbsp;&nbsp;&nbsp;&nbsp;&nbsp;&nbsp;&nbsp;&nbsp;&nbsp;&nbsp;&nbsp;&nbsp;&nbsp;&nbsp;&nbsp;&nbsp;&nbsp;&nbsp;&nbsp;&nbsp;&nbsp;&nbsp;&nbsp;&nbsp;&nbsp;&nbsp;&nbsp;&nbsp;&nbsp;&nbsp;&nbsp;&nbsp;&nbsp;&nbsp;&nbsp; (na inscri\u00e7\u00e3o 22\u20ac)<\/p>\n\n\n\n<p>S\u00f3cios estudantes com menos de 26 anos: 3\u20ac &nbsp; &nbsp; &nbsp; &nbsp; &nbsp; &nbsp; &nbsp; &nbsp; &nbsp; &nbsp; &nbsp;(na inscri\u00e7\u00e3o 9\u20ac)<\/p>\n\n\n\n<p>Caso opte por pagar 12 meses de quotiza\u00e7\u00e3o no acto da inscri\u00e7\u00e3o tem um desconto de um m\u00eas de quotas.<\/p>\n\n\n\n<p>Programa Vantagens:<\/p>\n\n\n\n<p>Ser s\u00f3cio significa ter acesso em condi\u00e7\u00f5es especiais face ao p\u00fablico em geral nos servi\u00e7os disponibilizados pela Casa de Macau e por um vasto conjunto de empresas\/institui\u00e7\u00f5es. Consulte a sec\u00e7\u00e3o &#8220;Parcerias&#8221; para verificar todas as vantagens.<\/p>\n\n\n\n<ul class=\"wp-block-list\"><li>s\u00f3cios estudantes que fa\u00e7am prova de frequ\u00eancia de estabelecimento de ensino est\u00e3o isentos do pagamento de j\u00f3ia;<\/li><li>s\u00f3cios que efectuem pagamento, de uma s\u00f3 vez, da totalidade das quotas anuais beneficiam de um desconto de um m\u00eas de quotiza\u00e7\u00e3o.<\/li><\/ul>\n\n\n\n<p>*Formul\u00e1rio dispon\u00edvel na Secretaria da Casa de Macau em Lisboa e em www.casademacau.pt:  <a href=\"http:\/\/casademacau.pt\/teste1\/wp-content\/uploads\/2009\/10\/proposta-socio_2015.pdf\">clique aqui\ufeff<\/a><\/p>\n\n\n\n<p>&nbsp;Para mais informa\u00e7\u00f5es contactar:<\/p>\n\n\n\n<p>Casa de Macau (Portugal) \u2013 Av. Almirante Gago Coutinho, 142 1700-033 Lisboa<\/p>\n\n\n\n<p>Tel. 218 495 342&nbsp; \/ Tlm. 961 294 676 &#8211;&nbsp; email: <a href=\"mailto:casademacau@mail.telepac.pt\">casademacau@mail.telepac.pt<\/a><\/p>\n\n\n\n<p><strong>www.casademacau.pt &#8211; <a href=\"https:\/\/www.facebook.com\/casademacauportugal\">https:\/\/www.facebook.com\/casademacauportugal<\/a><\/strong><\/p>\n\n\n\n<p>Para fazer o download da ficha de inscri\u00e7\u00e3o <a href=\"http:\/\/casademacau.pt\/teste1\/wp-content\/uploads\/2009\/10\/proposta-socio_2015.pdf\">clique aqui<\/a><\/p>\n","protected":false},"excerpt":{"rendered":"<p>\u00c9 com enorme orgulho e satisfa\u00e7\u00e3o que a Casa de Macau v\u00ea cada inscri\u00e7\u00e3o de um novo membro para a associa\u00e7\u00e3o. S\u00e3o os s\u00f3cios que d\u00e3o vida \u00e0 Casa de Macau. Porque sem eles, a Casa de Macau jamais poderia ser um lugar de conv\u00edvio. CONDI\u00c7\u00d5ES DE ADMISS\u00c3O DE S\u00d3CIOS Para se tornar s\u00f3cio basta [&hellip;]<\/p>\n","protected":false},"author":1,"featured_media":0,"parent":0,"menu_order":0,"comment_status":"closed","ping_status":"closed","template":"","meta":{"footnotes":""},"class_list":["post-1100","page","type-page","status-publish","hentry","entry"],"_links":{"self":[{"href":"http:\/\/casademacau.pt\/index.php?rest_route=\/wp\/v2\/pages\/1100","targetHints":{"allow":["GET"]}}],"collection":[{"href":"http:\/\/casademacau.pt\/index.php?rest_route=\/wp\/v2\/pages"}],"about":[{"href":"http:\/\/casademacau.pt\/index.php?rest_route=\/wp\/v2\/types\/page"}],"author":[{"embeddable":true,"href":"http:\/\/casademacau.pt\/index.php?rest_route=\/wp\/v2\/users\/1"}],"replies":[{"embeddable":true,"href":"http:\/\/casademacau.pt\/index.php?rest_route=%2Fwp%2Fv2%2Fcomments&post=1100"}],"version-history":[{"count":6,"href":"http:\/\/casademacau.pt\/index.php?rest_route=\/wp\/v2\/pages\/1100\/revisions"}],"predecessor-version":[{"id":1212,"href":"http:\/\/casademacau.pt\/index.php?rest_route=\/wp\/v2\/pages\/1100\/revisions\/1212"}],"wp:attachment":[{"href":"http:\/\/casademacau.pt\/index.php?rest_route=%2Fwp%2Fv2%2Fmedia&parent=1100"}],"curies":[{"name":"wp","href":"https:\/\/api.w.org\/{rel}","templated":true}]}}