{"id":1010,"date":"2019-01-08T19:24:05","date_gmt":"2019-01-08T19:24:05","guid":{"rendered":"http:\/\/casademacau.pt\/?page_id=1010"},"modified":"2019-01-28T14:32:51","modified_gmt":"2019-01-28T14:32:51","slug":"encontro-dos-jovens-macaenses-2021","status":"publish","type":"page","link":"http:\/\/casademacau.pt\/?page_id=1010","title":{"rendered":"Encontro dos Jovens Macaenses 2021"},"content":{"rendered":"\n<p>Ainda n\u00e3o h\u00e1 datas para este encontro. Os conte\u00fados ser\u00e3o adicionados em breve. Obrigado!<\/p>\n","protected":false},"excerpt":{"rendered":"<p>Ainda n\u00e3o h\u00e1 datas para este encontro. Os conte\u00fados ser\u00e3o adicionados em breve. Obrigado!<\/p>\n","protected":false},"author":1,"featured_media":0,"parent":0,"menu_order":0,"comment_status":"closed","ping_status":"closed","template":"","meta":{"footnotes":""},"class_list":["post-1010","page","type-page","status-publish","hentry","entry"],"_links":{"self":[{"href":"http:\/\/casademacau.pt\/index.php?rest_route=\/wp\/v2\/pages\/1010","targetHints":{"allow":["GET"]}}],"collection":[{"href":"http:\/\/casademacau.pt\/index.php?rest_route=\/wp\/v2\/pages"}],"about":[{"href":"http:\/\/casademacau.pt\/index.php?rest_route=\/wp\/v2\/types\/page"}],"author":[{"embeddable":true,"href":"http:\/\/casademacau.pt\/index.php?rest_route=\/wp\/v2\/users\/1"}],"replies":[{"embeddable":true,"href":"http:\/\/casademacau.pt\/index.php?rest_route=%2Fwp%2Fv2%2Fcomments&post=1010"}],"version-history":[{"count":6,"href":"http:\/\/casademacau.pt\/index.php?rest_route=\/wp\/v2\/pages\/1010\/revisions"}],"predecessor-version":[{"id":1131,"href":"http:\/\/casademacau.pt\/index.php?rest_route=\/wp\/v2\/pages\/1010\/revisions\/1131"}],"wp:attachment":[{"href":"http:\/\/casademacau.pt\/index.php?rest_route=%2Fwp%2Fv2%2Fmedia&parent=1010"}],"curies":[{"name":"wp","href":"https:\/\/api.w.org\/{rel}","templated":true}]}}